{"id":8832,"date":"2021-04-27T14:43:11","date_gmt":"2021-04-27T19:43:11","guid":{"rendered":"https:\/\/nakasawaresources.com\/?page_id=8832"},"modified":"2021-07-28T09:41:47","modified_gmt":"2021-07-28T14:41:47","slug":"careers","status":"publish","type":"page","link":"https:\/\/nakasawaresources.com\/es\/careers\/","title":{"rendered":"Careers"},"content":{"rendered":"<div class=\"wpb-content-wrapper\"><p>[vc_row zindex=&#8221;2&#8243; full_width=&#8221;stretch_row_content_no_spaces&#8221; equal_height=&#8221;yes&#8221; content_placement=&#8221;bottom&#8221; bg_type=&#8221;image&#8221; parallax_style=&#8221;vcpb-default&#8221; bg_image_new=&#8221;id^8872|url^https:\/\/nakasawaresources.com\/wp-content\/uploads\/2021\/04\/careerse-banner.jpg|caption^null|alt^null|title^careerse-banner|description^null&#8221; bg_image_repeat=&#8221;no-repeat&#8221; css=&#8221;.vc_custom_1619732392910{padding-top: 30% !important;}&#8221; el_class=&#8221;fondo-azul-1&#8243;][vc_column][vc_row_inner content_placement=&#8221;bottom&#8221;][vc_column_inner width=&#8221;1\/2&#8243; ts_responsive_css=&#8221;82835104|colbreak_no|||||||||colbreak_no|||||||||colbreak_no||0px||0px||||||colbreak_no|||||||||&#8221;][\/vc_column_inner][vc_column_inner width=&#8221;1\/2&#8243; css=&#8221;.vc_custom_1619732560259{margin-right: 10% !important;margin-left: 15% !important;padding-top: 5% !important;padding-right: 5% !important;padding-left: 5% !important;background-color: #eef1f5 !important;}&#8221;][vc_custom_heading text=&#8221;EN NAKASAWA&#8221; font_container=&#8221;tag:h2|text_align:left|color:%230b3254&#8243; use_theme_fonts=&#8221;yes&#8221;][vc_column_text]estamos convencidos de que las personas crean la esencia de la organizaci\u00f3n y son los que pueden llevarla cada d\u00eda m\u00e1s lejos. Por eso, buscamos a profesionales comprometidos, innovadores y decididos a redise\u00f1ar con nosotros el futuro de los procesos EOR del futuro.[\/vc_column_text][\/vc_column_inner][\/vc_row_inner][\/vc_column][\/vc_row][vc_row full_width=&#8221;stretch_row&#8221; css=&#8221;.vc_custom_1619560553881{padding-top: 10% !important;padding-bottom: 10% !important;background-color: #09162a !important;}&#8221;][vc_column][vc_custom_heading text=&#8221;\u00bfERES UNO DE ELLOS?&#8221; font_container=&#8221;tag:h2|text_align:center|color:%23ffffff&#8221; use_theme_fonts=&#8221;yes&#8221;]<div id=\"modal-trg-txt-wrap-6944\" class=\"ult-modal-input-wrapper ult-adjust-bottom-margin    \" data-keypress-control=\"keypress-control-enable\" data-overlay-control=\"overlay-control-enable\"><style>\n\t\t\t\t\t.btn-modal.btn-id-69f8b267b01060-09968212:hover {\n\t\t\t\t\t\tbackground-color: #eb0029 !important;\n\t\t\t\t\t}\n\t\t\t\t\t<\/style><button  data-ultimate-target='#modal-trg-txt-wrap-6944 .btn-modal'  data-responsive-json-new='{\"font-size\":\"\",\"line-height\":\"\"}'  style=\"background:#eb0029;border-color:#eb0029;color:#ffffff; \" data-class-id=\"content-69f8b267b01060-09968212\" class=\"btn-modal ult-responsive btn-primary btn-modal-lg overlay-show formulario-cv-button  ult-align-center btn-id-69f8b267b01060-09968212\" data-overlay-class=\"overlay-fade\">\u00a1ENV\u00cdANOS TU CV!<\/button><\/div>\n<div class=\"ult-overlay content-69f8b267b01060-09968212 formulario-cv\" data-class=\"content-69f8b267b01060-09968212\" id=\"button-click-overlay\" style=\"background:rgba(51,51,51,0.8); display:none;\">\n\t<div class=\"ult_modal ult-fade ult-small\">\n\t\t<div id=\"ult-modal-wrap-4755\" class=\"ult_modal-content ult-hide\" style=\"border-style:solid;border-width:2px;border-radius:0px;border-color:#333333;\">\n\t\t\t<div class=\"ult_modal-header\" style=\"color:#333333;border-color:#333333;\">\n\t\t\t\t<h3  data-ultimate-target='#ult-modal-wrap-4755 .ult_modal-title'  data-responsive-json-new='{\"font-size\":\"\",\"line-height\":\"\"}'  class=\"ult_modal-title ult-responsive\">\u00a1ENV\u00cdANOS TU CV!<\/h3>\n\t\t\t<\/div>\n\t\t\t<div  data-ultimate-target='#ult-modal-wrap-4755 .ult_modal-body'  data-responsive-json-new='{\"font-size\":\"\",\"line-height\":\"\"}'  class=\"ult_modal-body ult-responsive ult-html\" style=\"\">\n\t\t\t\n<div class=\"wpcf7 no-js\" id=\"wpcf7-f8856-o1\" lang=\"en-US\" dir=\"ltr\" data-wpcf7-id=\"8856\">\n<div class=\"screen-reader-response\"><p role=\"status\" aria-live=\"polite\" aria-atomic=\"true\"><\/p> <ul><\/ul><\/div>\n<form action=\"\/es\/wp-json\/wp\/v2\/pages\/8832#wpcf7-f8856-o1\" method=\"post\" class=\"wpcf7-form init a73ba3286af2 cmatic-conn cmatic-aud-3 cmatic-mapd0-0 cmatic-v097803 cmatic-sent-0 cmatic-total-61\" aria-label=\"Contact form\" enctype=\"multipart\/form-data\" novalidate=\"novalidate\" data-status=\"init\">\n<fieldset class=\"hidden-fields-container\"><input type=\"hidden\" name=\"_wpcf7\" value=\"8856\" \/><input type=\"hidden\" name=\"_wpcf7_version\" value=\"6.1.5\" \/><input type=\"hidden\" name=\"_wpcf7_locale\" value=\"en_US\" \/><input type=\"hidden\" name=\"_wpcf7_unit_tag\" value=\"wpcf7-f8856-o1\" \/><input type=\"hidden\" name=\"_wpcf7_container_post\" value=\"0\" \/><input type=\"hidden\" name=\"_wpcf7_posted_data_hash\" value=\"\" \/>\n<\/fieldset>\n<div class=\"wpcf7-turnstile cf-turnstile\" data-sitekey=\"0x4AAAAAAB78dMe7hFu4q55i\" data-response-field-name=\"_wpcf7_turnstile_response\"><\/div>\n\n<p><label> Nombre y Apellido*<br \/>\n<span class=\"wpcf7-form-control-wrap\" data-name=\"your-name\"><input size=\"40\" maxlength=\"400\" class=\"wpcf7-form-control wpcf7-text wpcf7-validates-as-required\" aria-required=\"true\" aria-invalid=\"false\" value=\"\" type=\"text\" name=\"your-name\" \/><\/span> <\/label>\n<\/p>\n<p><label> Profesi\u00f3n*<br \/>\n<span class=\"wpcf7-form-control-wrap\" data-name=\"profesion\"><input size=\"40\" maxlength=\"400\" class=\"wpcf7-form-control wpcf7-text wpcf7-validates-as-required\" aria-required=\"true\" aria-invalid=\"false\" value=\"\" type=\"text\" name=\"profesion\" \/><\/span> <\/label>\n<\/p>\n<p><label> Correo electr\u00f3nico<br \/>\n<span class=\"wpcf7-form-control-wrap\" data-name=\"your-email\"><input size=\"40\" maxlength=\"400\" class=\"wpcf7-form-control wpcf7-email wpcf7-validates-as-required wpcf7-text wpcf7-validates-as-email\" aria-required=\"true\" aria-invalid=\"false\" value=\"\" type=\"email\" name=\"your-email\" \/><\/span> <\/label>\n<\/p>\n<p><label> Tel\u00e9fono*<br \/>\n<span class=\"wpcf7-form-control-wrap\" data-name=\"telefono\"><input size=\"40\" maxlength=\"400\" class=\"wpcf7-form-control wpcf7-tel wpcf7-validates-as-required wpcf7-text wpcf7-validates-as-tel\" aria-required=\"true\" aria-invalid=\"false\" value=\"\" type=\"tel\" name=\"telefono\" \/><\/span> <\/label>\n<\/p>\n<p><label> Nacionalidad*<br \/>\n<span class=\"wpcf7-form-control-wrap\" data-name=\"nacionalidad\"><input size=\"40\" maxlength=\"400\" class=\"wpcf7-form-control wpcf7-text wpcf7-validates-as-required\" aria-required=\"true\" aria-invalid=\"false\" value=\"\" type=\"text\" name=\"nacionalidad\" \/><\/span> <\/label>\n<\/p>\n<p><label> Lugar de residencia*<br \/>\n<span class=\"wpcf7-form-control-wrap\" data-name=\"residencia\"><input size=\"40\" maxlength=\"400\" class=\"wpcf7-form-control wpcf7-text wpcf7-validates-as-required\" aria-required=\"true\" aria-invalid=\"false\" value=\"\" type=\"text\" name=\"residencia\" \/><\/span> <\/label>\n<\/p>\n<p><label> Adjuntar CV*<br \/>\n<span class=\"wpcf7-form-control-wrap\" data-name=\"cv\"><input size=\"40\" class=\"wpcf7-form-control wpcf7-file wpcf7-validates-as-required\" accept=\".pdf,.docx\" aria-required=\"true\" aria-invalid=\"false\" type=\"file\" name=\"cv\" \/><\/span> <\/label>\n<\/p>\n<p><input class=\"wpcf7-form-control wpcf7-submit has-spinner\" type=\"submit\" value=\"Enviar\" \/>\n<\/p><div class=\"wpcf7-response-output\" aria-hidden=\"true\"><\/div>\n<\/form>\n<\/div>\n\n\t\t\t<\/div>\n\t<\/div>\n\t<\/div>\n\t<div class=\"ult-overlay-close top-right\" style=\"width:80px;height:80px; \"><div class=\"ult-overlay-close-inside\">Close<\/div><\/div>\n<\/div>[\/vc_column][\/vc_row][vc_row full_width=&#8221;stretch_row_content&#8221; content_placement=&#8221;middle&#8221; css=&#8221;.vc_custom_1619561650408{padding-top: 10% !important;padding-bottom: 10% !important;background-color: #eef1f5 !important;}&#8221;][vc_column][vc_custom_heading text=&#8221;\u00bfQU\u00c9 TENEMOS PARA OFRECERTE?&#8221; font_container=&#8221;tag:h2|text_align:center|color:%230b3254&#8243; use_theme_fonts=&#8221;yes&#8221;][vc_row_inner equal_height=&#8221;yes&#8221; content_placement=&#8221;middle&#8221;][vc_column_inner width=&#8221;1\/3&#8243; css=&#8221;.vc_custom_1619646531964{margin-right: 5% !important;margin-left: 25% !important;padding-top: 5% !important;padding-right: 5% !important;padding-bottom: 5% !important;padding-left: 5% !important;background-color: #ffffff !important;}&#8221; ts_responsive_css=&#8221;29511835|colbreak_no|||||||||colbreak_no|||||||||colbreak_no||0px||0px||||||colbreak_no|||||||||&#8221;][vc_custom_heading text=&#8221;DINAMISMO&#8221; font_container=&#8221;tag:h4|text_align:left|color:%23eb0029&#8243; use_theme_fonts=&#8221;yes&#8221;][vc_column_text]Somos una organizaci\u00f3n muy din\u00e1mica, comprometida con nuestros clientes y que estamos continuamente adapt\u00e1ndonos a las nuevas formas de trabajar y los nuevos modelos de consumo energ\u00e9tico para que los procesos EOR sean cada vez m\u00e1s eficientes y sostenibles.[\/vc_column_text][\/vc_column_inner][vc_column_inner width=&#8221;1\/3&#8243; css=&#8221;.vc_custom_1619646566494{margin-right: 5% !important;margin-left: 5% !important;padding-top: 5% !important;padding-right: 5% !important;padding-bottom: 5% !important;padding-left: 5% !important;background-color: #ffffff !important;}&#8221; ts_responsive_css=&#8221;86135400|colbreak_no|||||||||colbreak_no|||||||||colbreak_no||0px||0px||||||colbreak_no|||||||||&#8221;][vc_custom_heading text=&#8221;FORMACI\u00d3N Y CRECIMIENTO&#8221; font_container=&#8221;tag:h4|text_align:left|color:%23eb0029&#8243; use_theme_fonts=&#8221;yes&#8221;][vc_column_text]Estamos convencidos de que la mejor forma de crecer es hacer m\u00e1s grande nuestro conocimiento y expertise sobre la industria, investigando y reflexionando sobre el sector para identificar y enfrentar los nuevos desaf\u00edos de la industria.[\/vc_column_text][\/vc_column_inner][vc_column_inner width=&#8221;1\/3&#8243; css=&#8221;.vc_custom_1619646551724{margin-right: 25% !important;margin-left: 5% !important;padding-top: 5% !important;padding-right: 5% !important;padding-bottom: 5% !important;padding-left: 5% !important;background-color: #ffffff !important;}&#8221; ts_responsive_css=&#8221;41768102|colbreak_no|||||||||colbreak_no|||||||||colbreak_no||0px||0px||||||colbreak_no|||||||||&#8221;][vc_custom_heading text=&#8221;DIVERSIDAD&#8221; font_container=&#8221;tag:h4|text_align:left|color:%23eb0029&#8243; use_theme_fonts=&#8221;yes&#8221;][vc_column_text]Somos un equipo diverso, con conocimientos de diferentes ramas y disciplinas y procedencias diferentes que creemos que juntos, logramos llegar m\u00e1s lejos.[\/vc_column_text][\/vc_column_inner][\/vc_row_inner][\/vc_column][\/vc_row][vc_row full_width=&#8221;stretch_row_content&#8221; equal_height=&#8221;yes&#8221; content_placement=&#8221;middle&#8221; css=&#8221;.vc_custom_1619564567214{padding-top: 0% !important;padding-bottom: 10% !important;background-color: #ffffff !important;}&#8221;][vc_column width=&#8221;1\/2&#8243; el_class=&#8221;fondo-rojo&#8221; css=&#8221;.vc_custom_1619644971049{margin-left: 17% !important;padding-top: 25% !important;padding-bottom: 0% !important;background-image: url(https:\/\/nakasawaresources.com\/wp-content\/uploads\/2021\/04\/careerse.jpg?id=8877) !important;background-position: center !important;background-repeat: no-repeat !important;background-size: cover !important;}&#8221;][vc_custom_heading text=&#8221;\u00a1\u00daNETE A NUESTRA<br \/>\nCOMUNIDAD DIGITAL!&#8221; font_container=&#8221;tag:h2|text_align:left|color:%23ffffff&#8221; use_theme_fonts=&#8221;yes&#8221;][\/vc_column][vc_column width=&#8221;1\/2&#8243; css=&#8221;.vc_custom_1619646116380{margin-right: 10% !important;margin-left: 10% !important;padding-top: 5% !important;padding-right: 10% !important;padding-left: 10% !important;}&#8221;][vc_custom_heading text=&#8221;\u00a1S\u00cdGUENOS EN REDES SOCIALES!&#8221; font_container=&#8221;tag:h3|text_align:center|color:%230b3254&#8243; use_theme_fonts=&#8221;yes&#8221;]<div class=\"themestek-socialbox-wrapper ts-socialbox-icon-size-large ts-socialbox-column-five redes-sociales-page  ts-heading-with-separator\"><div class=\"ts-socialbox-links-wrapper row multi-columns-row\"><div class=\"ts-socialbox-i-wrapper col-md-20percent col-lg-20percent col-xs-12\"><a class=\"ts-socialbox-icon-link ts-socialbox-icon-link-linkedin\" target=\"_blank\" href=\"https:\/\/www.linkedin.com\/company\/nakasawaresources\/\" title=\"LinkedIn\" data-tooltip=\"LinkedIn\"><i class=\"ts-industco-icon-linkedin\"><\/i><\/a><\/div><div class=\"ts-socialbox-i-wrapper col-md-20percent col-lg-20percent col-xs-12\"><a class=\"ts-socialbox-icon-link ts-socialbox-icon-link-youtube\" target=\"_blank\" href=\"https:\/\/www.youtube.com\/channel\/UCQ_asGVhgUF22xXBg7wqF2g\/featured\" title=\"YouTube\" data-tooltip=\"YouTube\"><i class=\"ts-industco-icon-youtube\"><\/i><\/a><\/div><div class=\"ts-socialbox-i-wrapper col-md-20percent col-lg-20percent col-xs-12\"><a class=\"ts-socialbox-icon-link ts-socialbox-icon-link-instagram\" target=\"_blank\" href=\"https:\/\/www.instagram.com\/nakasawaresources_eor\/\" title=\"Instagram\" data-tooltip=\"Instagram\"><i class=\"ts-industco-icon-instagram\"><\/i><\/a><\/div><div class=\"ts-socialbox-i-wrapper col-md-20percent col-lg-20percent col-xs-12\"><a class=\"ts-socialbox-icon-link ts-socialbox-icon-link-flickr\" target=\"_blank\" href=\"https:\/\/www.flickr.com\/photos\/192662940@N03\/albums\" title=\"Flickr\" data-tooltip=\"Flickr\"><i class=\"ts-industco-icon-flickr\"><\/i><\/a><\/div><div class=\"ts-socialbox-i-wrapper col-md-20percent col-lg-20percent col-xs-12\"><a class=\"ts-socialbox-icon-link ts-socialbox-icon-link-twitter\" target=\"_blank\" href=\"https:\/\/twitter.com\/NakasawaR\" title=\"Twitter\" data-tooltip=\"Twitter\"><i class=\"ts-industco-icon-twitter\"><\/i><\/a><\/div><\/div><!-- .ts-socialbox-links-wrapper -->  <\/div>[\/vc_column][\/vc_row]<\/p>\n<\/div>","protected":false},"excerpt":{"rendered":"<p>[vc_row zindex=&#8221;2&#8243; full_width=&#8221;stretch_row_content_no_spaces&#8221; equal_height=&#8221;yes&#8221; content_placement=&#8221;bottom&#8221; bg_type=&#8221;image&#8221; parallax_style=&#8221;vcpb-default&#8221; bg_image_new=&#8221;id^8872|url^https:\/\/nakasawaresources.com\/wp-content\/uploads\/2021\/04\/careerse-banner.jpg|caption^null|alt^null|title^careerse-banner|description^null&#8221; bg_image_repeat=&#8221;no-repeat&#8221; css=&#8221;.vc_custom_1619732392910{padding-top: 30% !important;}&#8221; el_class=&#8221;fondo-azul-1&#8243;][vc_column][vc_row_inner content_placement=&#8221;bottom&#8221;][vc_column_inner width=&#8221;1\/2&#8243; ts_responsive_css=&#8221;82835104|colbreak_no|||||||||colbreak_no|||||||||colbreak_no||0px||0px||||||colbreak_no|||||||||&#8221;][\/vc_column_inner][vc_column_inner width=&#8221;1\/2&#8243; css=&#8221;.vc_custom_1619732560259{margin-right: 10% !important;margin-left: 15% !important;padding-top: 5% !important;padding-right: 5% !important;padding-left: 5% !important;background-color: #eef1f5 !important;}&#8221;][vc_custom_heading text=&#8221;EN NAKASAWA&#8221; font_container=&#8221;tag:h2|text_align:left|color:%230b3254&#8243; use_theme_fonts=&#8221;yes&#8221;][vc_column_text]estamos convencidos de que las personas crean la esencia de la organizaci\u00f3n y son los que pueden llevarla cada d\u00eda m\u00e1s lejos. &hellip; <a href=\"https:\/\/nakasawaresources.com\/es\/careers\/\" class=\"more-link\">Continue reading <span class=\"screen-reader-text\">Careers<\/span><\/a><\/p>\n","protected":false},"author":12,"featured_media":0,"parent":0,"menu_order":0,"comment_status":"closed","ping_status":"closed","template":"","meta":{"_acf_changed":false,"om_disable_all_campaigns":false,"footnotes":""},"class_list":["post-8832","page","type-page","status-publish","hentry"],"acf":[],"yoast_head":"<!-- This site is optimized with the Yoast SEO plugin v27.5 - https:\/\/yoast.com\/product\/yoast-seo-wordpress\/ -->\n<title>Careers - Nakasawa<\/title>\n<meta name=\"robots\" content=\"index, follow, max-snippet:-1, max-image-preview:large, max-video-preview:-1\" \/>\n<link rel=\"canonical\" href=\"https:\/\/nakasawaresources.com\/es\/careers\/\" \/>\n<meta property=\"og:locale\" content=\"es_ES\" \/>\n<meta property=\"og:type\" content=\"article\" \/>\n<meta property=\"og:title\" content=\"Careers - Nakasawa\" \/>\n<meta property=\"og:description\" content=\"[vc_row zindex=&#8221;2&#8243; full_width=&#8221;stretch_row_content_no_spaces&#8221; equal_height=&#8221;yes&#8221; content_placement=&#8221;bottom&#8221; bg_type=&#8221;image&#8221; parallax_style=&#8221;vcpb-default&#8221; bg_image_new=&#8221;id^8872|url^https:\/\/nakasawaresources.com\/wp-content\/uploads\/2021\/04\/careerse-banner.jpg|caption^null|alt^null|title^careerse-banner|description^null&#8221; bg_image_repeat=&#8221;no-repeat&#8221; css=&#8221;.vc_custom_1619732392910{padding-top: 30% !important;}&#8221; el_class=&#8221;fondo-azul-1&#8243;][vc_column][vc_row_inner content_placement=&#8221;bottom&#8221;][vc_column_inner width=&#8221;1\/2&#8243; ts_responsive_css=&#8221;82835104|colbreak_no|||||||||colbreak_no|||||||||colbreak_no||0px||0px||||||colbreak_no|||||||||&#8221;][\/vc_column_inner][vc_column_inner width=&#8221;1\/2&#8243; css=&#8221;.vc_custom_1619732560259{margin-right: 10% !important;margin-left: 15% !important;padding-top: 5% !important;padding-right: 5% !important;padding-left: 5% !important;background-color: #eef1f5 !important;}&#8221;][vc_custom_heading text=&#8221;EN NAKASAWA&#8221; font_container=&#8221;tag:h2|text_align:left|color:%230b3254&#8243; use_theme_fonts=&#8221;yes&#8221;][vc_column_text]estamos convencidos de que las personas crean la esencia de la organizaci\u00f3n y son los que pueden llevarla cada d\u00eda m\u00e1s lejos. &hellip; Continue reading Careers\" \/>\n<meta property=\"og:url\" content=\"https:\/\/nakasawaresources.com\/es\/careers\/\" \/>\n<meta property=\"og:site_name\" content=\"Nakasawa\" \/>\n<meta property=\"article:publisher\" content=\"https:\/\/www.facebook.com\/Nakasawaresources\/\" \/>\n<meta property=\"article:modified_time\" content=\"2021-07-28T14:41:47+00:00\" \/>\n<meta property=\"og:image\" content=\"https:\/\/nakasawaresources.com\/wp-content\/uploads\/2021\/04\/OneColor-Red-1.jpg\" \/>\n\t<meta property=\"og:image:width\" content=\"1876\" \/>\n\t<meta property=\"og:image:height\" content=\"697\" \/>\n\t<meta property=\"og:image:type\" content=\"image\/jpeg\" \/>\n<meta name=\"twitter:card\" content=\"summary_large_image\" \/>\n<meta name=\"twitter:image\" content=\"https:\/\/nakasawaresources.com\/wp-content\/uploads\/2021\/04\/OneColor-Red-1.jpg\" \/>\n<meta name=\"twitter:site\" content=\"@nakasawar\" \/>\n<meta name=\"twitter:label1\" content=\"Tiempo de lectura\" \/>\n\t<meta name=\"twitter:data1\" content=\"2 minutos\" \/>\n<script type=\"application\/ld+json\" class=\"yoast-schema-graph\">{\"@context\":\"https:\\\/\\\/schema.org\",\"@graph\":[{\"@type\":\"WebPage\",\"@id\":\"https:\\\/\\\/nakasawaresources.com\\\/es\\\/careers\\\/\",\"url\":\"https:\\\/\\\/nakasawaresources.com\\\/es\\\/careers\\\/\",\"name\":\"Careers - Nakasawa\",\"isPartOf\":{\"@id\":\"https:\\\/\\\/nakasawaresources.com\\\/es\\\/#website\"},\"datePublished\":\"2021-04-27T19:43:11+00:00\",\"dateModified\":\"2021-07-28T14:41:47+00:00\",\"breadcrumb\":{\"@id\":\"https:\\\/\\\/nakasawaresources.com\\\/es\\\/careers\\\/#breadcrumb\"},\"inLanguage\":\"es\",\"potentialAction\":[{\"@type\":\"ReadAction\",\"target\":[\"https:\\\/\\\/nakasawaresources.com\\\/es\\\/careers\\\/\"]}]},{\"@type\":\"BreadcrumbList\",\"@id\":\"https:\\\/\\\/nakasawaresources.com\\\/es\\\/careers\\\/#breadcrumb\",\"itemListElement\":[{\"@type\":\"ListItem\",\"position\":1,\"name\":\"Home\",\"item\":\"https:\\\/\\\/nakasawaresources.com\\\/es\\\/\"},{\"@type\":\"ListItem\",\"position\":2,\"name\":\"Careers\"}]},{\"@type\":\"WebSite\",\"@id\":\"https:\\\/\\\/nakasawaresources.com\\\/es\\\/#website\",\"url\":\"https:\\\/\\\/nakasawaresources.com\\\/es\\\/\",\"name\":\"Nakasawa\",\"description\":\"UPSTREAM  TECHNOLOGIES  FOR OIL PRODUCTION\",\"publisher\":{\"@id\":\"https:\\\/\\\/nakasawaresources.com\\\/es\\\/#organization\"},\"potentialAction\":[{\"@type\":\"SearchAction\",\"target\":{\"@type\":\"EntryPoint\",\"urlTemplate\":\"https:\\\/\\\/nakasawaresources.com\\\/es\\\/?s={search_term_string}\"},\"query-input\":{\"@type\":\"PropertyValueSpecification\",\"valueRequired\":true,\"valueName\":\"search_term_string\"}}],\"inLanguage\":\"es\"},{\"@type\":\"Organization\",\"@id\":\"https:\\\/\\\/nakasawaresources.com\\\/es\\\/#organization\",\"name\":\"Nakasawa Resources\",\"url\":\"https:\\\/\\\/nakasawaresources.com\\\/es\\\/\",\"logo\":{\"@type\":\"ImageObject\",\"inLanguage\":\"es\",\"@id\":\"https:\\\/\\\/nakasawaresources.com\\\/es\\\/#\\\/schema\\\/logo\\\/image\\\/\",\"url\":\"https:\\\/\\\/nakasawaresources.com\\\/wp-content\\\/uploads\\\/2018\\\/10\\\/materialwp-logo.png\",\"contentUrl\":\"https:\\\/\\\/nakasawaresources.com\\\/wp-content\\\/uploads\\\/2018\\\/10\\\/materialwp-logo.png\",\"width\":221,\"height\":108,\"caption\":\"Nakasawa Resources\"},\"image\":{\"@id\":\"https:\\\/\\\/nakasawaresources.com\\\/es\\\/#\\\/schema\\\/logo\\\/image\\\/\"},\"sameAs\":[\"https:\\\/\\\/www.facebook.com\\\/Nakasawaresources\\\/\",\"https:\\\/\\\/x.com\\\/nakasawar\",\"https:\\\/\\\/www.linkedin.com\\\/company\\\/nakasawaresources\",\"https:\\\/\\\/www.youtube.com\\\/channel\\\/UCQ_asGVhgUF22xXBg7wqF2g\\\/featured\"]}]}<\/script>\n<!-- \/ Yoast SEO plugin. -->","yoast_head_json":{"title":"Careers - Nakasawa","robots":{"index":"index","follow":"follow","max-snippet":"max-snippet:-1","max-image-preview":"max-image-preview:large","max-video-preview":"max-video-preview:-1"},"canonical":"https:\/\/nakasawaresources.com\/es\/careers\/","og_locale":"es_ES","og_type":"article","og_title":"Careers - Nakasawa","og_description":"[vc_row zindex=&#8221;2&#8243; full_width=&#8221;stretch_row_content_no_spaces&#8221; equal_height=&#8221;yes&#8221; content_placement=&#8221;bottom&#8221; bg_type=&#8221;image&#8221; parallax_style=&#8221;vcpb-default&#8221; bg_image_new=&#8221;id^8872|url^https:\/\/nakasawaresources.com\/wp-content\/uploads\/2021\/04\/careerse-banner.jpg|caption^null|alt^null|title^careerse-banner|description^null&#8221; bg_image_repeat=&#8221;no-repeat&#8221; css=&#8221;.vc_custom_1619732392910{padding-top: 30% !important;}&#8221; el_class=&#8221;fondo-azul-1&#8243;][vc_column][vc_row_inner content_placement=&#8221;bottom&#8221;][vc_column_inner width=&#8221;1\/2&#8243; ts_responsive_css=&#8221;82835104|colbreak_no|||||||||colbreak_no|||||||||colbreak_no||0px||0px||||||colbreak_no|||||||||&#8221;][\/vc_column_inner][vc_column_inner width=&#8221;1\/2&#8243; css=&#8221;.vc_custom_1619732560259{margin-right: 10% !important;margin-left: 15% !important;padding-top: 5% !important;padding-right: 5% !important;padding-left: 5% !important;background-color: #eef1f5 !important;}&#8221;][vc_custom_heading text=&#8221;EN NAKASAWA&#8221; font_container=&#8221;tag:h2|text_align:left|color:%230b3254&#8243; use_theme_fonts=&#8221;yes&#8221;][vc_column_text]estamos convencidos de que las personas crean la esencia de la organizaci\u00f3n y son los que pueden llevarla cada d\u00eda m\u00e1s lejos. &hellip; Continue reading Careers","og_url":"https:\/\/nakasawaresources.com\/es\/careers\/","og_site_name":"Nakasawa","article_publisher":"https:\/\/www.facebook.com\/Nakasawaresources\/","article_modified_time":"2021-07-28T14:41:47+00:00","og_image":[{"width":1876,"height":697,"url":"https:\/\/nakasawaresources.com\/wp-content\/uploads\/2021\/04\/OneColor-Red-1.jpg","type":"image\/jpeg"}],"twitter_card":"summary_large_image","twitter_image":"https:\/\/nakasawaresources.com\/wp-content\/uploads\/2021\/04\/OneColor-Red-1.jpg","twitter_site":"@nakasawar","twitter_misc":{"Tiempo de lectura":"2 minutos"},"schema":{"@context":"https:\/\/schema.org","@graph":[{"@type":"WebPage","@id":"https:\/\/nakasawaresources.com\/es\/careers\/","url":"https:\/\/nakasawaresources.com\/es\/careers\/","name":"Careers - Nakasawa","isPartOf":{"@id":"https:\/\/nakasawaresources.com\/es\/#website"},"datePublished":"2021-04-27T19:43:11+00:00","dateModified":"2021-07-28T14:41:47+00:00","breadcrumb":{"@id":"https:\/\/nakasawaresources.com\/es\/careers\/#breadcrumb"},"inLanguage":"es","potentialAction":[{"@type":"ReadAction","target":["https:\/\/nakasawaresources.com\/es\/careers\/"]}]},{"@type":"BreadcrumbList","@id":"https:\/\/nakasawaresources.com\/es\/careers\/#breadcrumb","itemListElement":[{"@type":"ListItem","position":1,"name":"Home","item":"https:\/\/nakasawaresources.com\/es\/"},{"@type":"ListItem","position":2,"name":"Careers"}]},{"@type":"WebSite","@id":"https:\/\/nakasawaresources.com\/es\/#website","url":"https:\/\/nakasawaresources.com\/es\/","name":"Nakasawa","description":"UPSTREAM  TECHNOLOGIES  FOR OIL PRODUCTION","publisher":{"@id":"https:\/\/nakasawaresources.com\/es\/#organization"},"potentialAction":[{"@type":"SearchAction","target":{"@type":"EntryPoint","urlTemplate":"https:\/\/nakasawaresources.com\/es\/?s={search_term_string}"},"query-input":{"@type":"PropertyValueSpecification","valueRequired":true,"valueName":"search_term_string"}}],"inLanguage":"es"},{"@type":"Organization","@id":"https:\/\/nakasawaresources.com\/es\/#organization","name":"Nakasawa Resources","url":"https:\/\/nakasawaresources.com\/es\/","logo":{"@type":"ImageObject","inLanguage":"es","@id":"https:\/\/nakasawaresources.com\/es\/#\/schema\/logo\/image\/","url":"https:\/\/nakasawaresources.com\/wp-content\/uploads\/2018\/10\/materialwp-logo.png","contentUrl":"https:\/\/nakasawaresources.com\/wp-content\/uploads\/2018\/10\/materialwp-logo.png","width":221,"height":108,"caption":"Nakasawa Resources"},"image":{"@id":"https:\/\/nakasawaresources.com\/es\/#\/schema\/logo\/image\/"},"sameAs":["https:\/\/www.facebook.com\/Nakasawaresources\/","https:\/\/x.com\/nakasawar","https:\/\/www.linkedin.com\/company\/nakasawaresources","https:\/\/www.youtube.com\/channel\/UCQ_asGVhgUF22xXBg7wqF2g\/featured"]}]}},"_links":{"self":[{"href":"https:\/\/nakasawaresources.com\/es\/wp-json\/wp\/v2\/pages\/8832","targetHints":{"allow":["GET"]}}],"collection":[{"href":"https:\/\/nakasawaresources.com\/es\/wp-json\/wp\/v2\/pages"}],"about":[{"href":"https:\/\/nakasawaresources.com\/es\/wp-json\/wp\/v2\/types\/page"}],"author":[{"embeddable":true,"href":"https:\/\/nakasawaresources.com\/es\/wp-json\/wp\/v2\/users\/12"}],"replies":[{"embeddable":true,"href":"https:\/\/nakasawaresources.com\/es\/wp-json\/wp\/v2\/comments?post=8832"}],"version-history":[{"count":5,"href":"https:\/\/nakasawaresources.com\/es\/wp-json\/wp\/v2\/pages\/8832\/revisions"}],"predecessor-version":[{"id":8943,"href":"https:\/\/nakasawaresources.com\/es\/wp-json\/wp\/v2\/pages\/8832\/revisions\/8943"}],"wp:attachment":[{"href":"https:\/\/nakasawaresources.com\/es\/wp-json\/wp\/v2\/media?parent=8832"}],"curies":[{"name":"wp","href":"https:\/\/api.w.org\/{rel}","templated":true}]}}