{"id":8416,"date":"2021-03-25T17:16:54","date_gmt":"2021-03-25T23:16:54","guid":{"rendered":"https:\/\/nakasawaresources.com\/?page_id=8416"},"modified":"2023-12-04T09:17:46","modified_gmt":"2023-12-04T14:17:46","slug":"energia-y-futuro","status":"publish","type":"page","link":"https:\/\/nakasawaresources.com\/es\/energia-y-futuro\/","title":{"rendered":"Energ\u00eda y futuro"},"content":{"rendered":"<div class=\"wpb-content-wrapper\"><p>[vc_row css=&#8221;.vc_custom_1616722000653{padding-top: 3% !important;padding-bottom: 0px !important;}&#8221;][vc_column width=&#8221;1\/2&#8243;][vc_column_text]La energ\u00eda f\u00f3sil a\u00fan ocupa el 80% de nuestro mix energ\u00e9tico y, por ello, debemos seguir dando servicio a nuestros clientes y as\u00ed, seguir cumpliendo con la garant\u00eda de suministro. Sin embargo, desde nuestro compromiso con la evoluci\u00f3n sostenible de la industria energ\u00e9tica a nivel global, apostamos por un modelo que persigue disminuir el impacto ambiental de los procesos upstream.<\/p>\n<p>Desde esta perspectiva, desarrollamos nuestra actividad a partir de dos (2) elementos fundamentales.[\/vc_column_text][\/vc_column][vc_column width=&#8221;1\/2&#8243;][vc_single_image image=&#8221;12221&#8243; img_size=&#8221;full&#8221; alignment=&#8221;center&#8221;][\/vc_column][\/vc_row][vc_row css=&#8221;.vc_custom_1616722000653{padding-top: 3% !important;padding-bottom: 0px !important;}&#8221;][vc_column][vc_custom_heading text=&#8221;1. APUESTA POR LA DIGITALIZACI\u00d3N&#8221; use_theme_fonts=&#8221;yes&#8221;][\/vc_column][\/vc_row][vc_row css=&#8221;.vc_custom_1616722495331{padding-top: 1% !important;padding-bottom: 0px !important;}&#8221;][vc_column width=&#8221;1\/4&#8243;][vc_icon icon_fontawesome=&#8221;fas fa-chart-bar&#8221; color=&#8221;custom&#8221; custom_color=&#8221;#eb0029&#8243; css=&#8221;.vc_custom_1616723299554{margin-bottom: 0px !important;}&#8221;]<div id=\"ultimate-heading-939569fe3a8ef057a\" class=\"uvc-heading ult-adjust-bottom-margin ultimate-heading-939569fe3a8ef057a uvc-6836 \" data-hspacer=\"no_spacer\"  data-halign=\"left\" style=\"text-align:left\"><div class=\"uvc-heading-spacer no_spacer\" style=\"top\"><\/div><div class=\"uvc-main-heading ult-responsive\"  data-ultimate-target='.uvc-heading.ultimate-heading-939569fe3a8ef057a h3'  data-responsive-json-new='{\"font-size\":\"\",\"line-height\":\"\"}' ><h3 style=\"font-weight:bold;\">Predicci\u00f3n<\/h3><\/div><div class=\"uvc-sub-heading ult-responsive\"  data-ultimate-target='.uvc-heading.ultimate-heading-939569fe3a8ef057a .uvc-sub-heading '  data-responsive-json-new='{\"font-size\":\"\",\"line-height\":\"\"}'  style=\"font-weight:normal;\">de par\u00e1metros de inyecci\u00f3n para la ejecuci\u00f3n oportuna de acciones de optimizaci\u00f3n del proceso.<\/div><\/div>[\/vc_column][vc_column width=&#8221;1\/4&#8243;][vc_icon icon_fontawesome=&#8221;fas fa-download&#8221; color=&#8221;custom&#8221; custom_color=&#8221;#eb0029&#8243; css=&#8221;.vc_custom_1616723396380{margin-bottom: 0px !important;}&#8221;]<div id=\"ultimate-heading-351069fe3a8ef05db\" class=\"uvc-heading ult-adjust-bottom-margin ultimate-heading-351069fe3a8ef05db uvc-1000 \" data-hspacer=\"no_spacer\"  data-halign=\"left\" style=\"text-align:left\"><div class=\"uvc-heading-spacer no_spacer\" style=\"top\"><\/div><div class=\"uvc-main-heading ult-responsive\"  data-ultimate-target='.uvc-heading.ultimate-heading-351069fe3a8ef05db h3'  data-responsive-json-new='{\"font-size\":\"\",\"line-height\":\"\"}' ><h3 style=\"font-weight:bold;\">Recolecci\u00f3n<\/h3><\/div><div class=\"uvc-sub-heading ult-responsive\"  data-ultimate-target='.uvc-heading.ultimate-heading-351069fe3a8ef05db .uvc-sub-heading '  data-responsive-json-new='{\"font-size\":\"\",\"line-height\":\"\"}'  style=\"font-weight:normal;\">de datos en tiempo real y su almacenamiento para facilitar la toma de decisiones sobre la base de experiencia.<\/div><\/div>[\/vc_column][vc_column width=&#8221;1\/4&#8243;][vc_icon icon_fontawesome=&#8221;fas fa-gas-pump&#8221; color=&#8221;custom&#8221; custom_color=&#8221;#eb0029&#8243; css=&#8221;.vc_custom_1616724073810{margin-bottom: 0px !important;}&#8221;]<div id=\"ultimate-heading-718969fe3a8ef060f\" class=\"uvc-heading ult-adjust-bottom-margin ultimate-heading-718969fe3a8ef060f uvc-9542 \" data-hspacer=\"no_spacer\"  data-halign=\"left\" style=\"text-align:left\"><div class=\"uvc-heading-spacer no_spacer\" style=\"top\"><\/div><div class=\"uvc-main-heading ult-responsive\"  data-ultimate-target='.uvc-heading.ultimate-heading-718969fe3a8ef060f h3'  data-responsive-json-new='{\"font-size\":\"\",\"line-height\":\"\"}' ><h3 style=\"font-weight:bold;\">Control<\/h3><\/div><div class=\"uvc-sub-heading ult-responsive\"  data-ultimate-target='.uvc-heading.ultimate-heading-718969fe3a8ef060f .uvc-sub-heading '  data-responsive-json-new='{\"font-size\":\"\",\"line-height\":\"\"}'  style=\"font-weight:normal;\">automatizado para la mitigaci\u00f3n de emisiones y la optimizaci\u00f3n del uso de combustible con v\u00e1lvulas de dosificaci\u00f3n y\/o control de flujo.<\/div><\/div>[\/vc_column][vc_column width=&#8221;1\/4&#8243;][vc_icon icon_fontawesome=&#8221;fas fa-mobile-alt&#8221; color=&#8221;custom&#8221; custom_color=&#8221;#eb0029&#8243; css=&#8221;.vc_custom_1616724103920{margin-bottom: 0px !important;}&#8221;]<div id=\"ultimate-heading-530069fe3a8ef0638\" class=\"uvc-heading ult-adjust-bottom-margin ultimate-heading-530069fe3a8ef0638 uvc-3895 \" data-hspacer=\"no_spacer\"  data-halign=\"left\" style=\"text-align:left\"><div class=\"uvc-heading-spacer no_spacer\" style=\"top\"><\/div><div class=\"uvc-main-heading ult-responsive\"  data-ultimate-target='.uvc-heading.ultimate-heading-530069fe3a8ef0638 h3'  data-responsive-json-new='{\"font-size\":\"\",\"line-height\":\"\"}' ><h3 style=\"font-weight:bold;\">Accesibilidad<\/h3><\/div><div class=\"uvc-sub-heading ult-responsive\"  data-ultimate-target='.uvc-heading.ultimate-heading-530069fe3a8ef0638 .uvc-sub-heading '  data-responsive-json-new='{\"font-size\":\"\",\"line-height\":\"\"}'  style=\"font-weight:normal;\">y comandos a distancia para poder ejecutar acciones en tiempo real y de respuesta inmediata a trav\u00e9s de aplicaciones en dispositivos m\u00f3viles.<\/div><\/div>[\/vc_column][\/vc_row][vc_row css=&#8221;.vc_custom_1616722000653{padding-top: 3% !important;padding-bottom: 0px !important;}&#8221;][vc_column][vc_custom_heading text=&#8221;2. MIRANDO AL FUTURO&#8221; use_theme_fonts=&#8221;yes&#8221;][\/vc_column][\/vc_row][vc_row css=&#8221;.vc_custom_1657838417625{padding-top: 1% !important;padding-bottom: 0px !important;}&#8221; el_class=&#8221;future-ener&#8221;][vc_column width=&#8221;1\/4&#8243;]<div tabindex=\"0\" class=\"ult-new-ib ult-ib-effect-style1  ult-ib-resp  \" data-min-width=\"768\" data-max-width=\"900\" style=\"background:#09162a;\" data-opacity=\".50\" data-hover-opacity=\".1\" ><img decoding=\"async\" class=\"ult-new-ib-img\" style=\"opacity:.50;\" alt=\"null\" src=\"https:\/\/nakasawaresources.com\/wp-content\/uploads\/2023\/11\/GOPR0423_1660112955103-scaled.jpg\"   \/><div id=\"interactive-banner-wrap-4598\" class=\"ult-new-ib-desc\" style=\"\"><h2 class=\"ult-new-ib-title ult-responsive\"  data-ultimate-target='#interactive-banner-wrap-4598 .ult-new-ib-title'  data-responsive-json-new='{\"font-size\":\"\",\"line-height\":\"\"}'  style=\"font-weight:bold;color:#ffffff;\">HACIA UN MIX ENERG\u00c9TICO SOSTENIBLE<\/h2><div class=\"ult-new-ib-content ult-responsive\"  data-ultimate-target='#interactive-banner-wrap-4598 .ult-new-ib-content'  data-responsive-json-new='{\"font-size\":\"\",\"line-height\":\"\"}'  style=\"font-weight:normal;color:#ffffff;\"><p>consolidaci\u00f3n de sistemas energ\u00e9ticos h\u00edbridos utilizando m\u00e9todos y tecnolog\u00edas convencionales y alternativas para avanzar en la transici\u00f3n energ\u00e9tica.<\/p><\/div><\/div><\/div>[\/vc_column][vc_column width=&#8221;1\/4&#8243;]<div tabindex=\"0\" class=\"ult-new-ib ult-ib-effect-style1  ult-ib-resp  \" data-min-width=\"768\" data-max-width=\"900\" style=\"background:#09162a;\" data-opacity=\".50\" data-hover-opacity=\".1\" ><img decoding=\"async\" class=\"ult-new-ib-img\" style=\"opacity:.50;\" alt=\"null\" src=\"https:\/\/nakasawaresources.com\/wp-content\/uploads\/2021\/03\/excedentes-de-procesos.jpg\"   \/><div id=\"interactive-banner-wrap-5496\" class=\"ult-new-ib-desc\" style=\"\"><h2 class=\"ult-new-ib-title ult-responsive\"  data-ultimate-target='#interactive-banner-wrap-5496 .ult-new-ib-title'  data-responsive-json-new='{\"font-size\":\"\",\"line-height\":\"\"}'  style=\"font-weight:bold;color:#ffffff;\">DESECHOS Y EXCEDENTES DE PROCESOS<\/h2><div class=\"ult-new-ib-content ult-responsive\"  data-ultimate-target='#interactive-banner-wrap-5496 .ult-new-ib-content'  data-responsive-json-new='{\"font-size\":\"\",\"line-height\":\"\"}'  style=\"font-weight:normal;color:#ffffff;\"><p>ingenier\u00eda para la optimizaci\u00f3n de recursos y aprovechamiento de residuos como el C, N2 y H2 expulsados en los procesos de producci\u00f3n.<\/p><\/div><\/div><\/div>[\/vc_column][vc_column width=&#8221;1\/4&#8243;]<div tabindex=\"0\" class=\"ult-new-ib ult-ib-effect-style1  ult-ib-resp  \" data-min-width=\"768\" data-max-width=\"900\" style=\"background:#09162a;\" data-opacity=\".50\" data-hover-opacity=\".1\" ><img decoding=\"async\" class=\"ult-new-ib-img\" style=\"opacity:.50;\" alt=\"null\" src=\"https:\/\/nakasawaresources.com\/wp-content\/uploads\/2023\/06\/BGW_397.jpg\"   \/><div id=\"interactive-banner-wrap-3384\" class=\"ult-new-ib-desc\" style=\"\"><h2 class=\"ult-new-ib-title ult-responsive\"  data-ultimate-target='#interactive-banner-wrap-3384 .ult-new-ib-title'  data-responsive-json-new='{\"font-size\":\"\",\"line-height\":\"\"}'  style=\"font-weight:bold;color:#ffffff;\">AUTOSUFICIENCIA ENERG\u00c9TICA<\/h2><div class=\"ult-new-ib-content ult-responsive\"  data-ultimate-target='#interactive-banner-wrap-3384 .ult-new-ib-content'  data-responsive-json-new='{\"font-size\":\"\",\"line-height\":\"\"}'  style=\"font-weight:normal;color:#ffffff;\"><p>generaci\u00f3n de sistemas de autosuficiencia energ\u00e9tica en nuestras tecnolog\u00edas y procesos para disminuir el impacto ambiental de nuestra actividad.<\/p><\/div><\/div><\/div>[\/vc_column][vc_column width=&#8221;1\/4&#8243;]<div tabindex=\"0\" class=\"ult-new-ib ult-ib-effect-style1  ult-ib-resp  \" data-min-width=\"768\" data-max-width=\"900\" style=\"background:#09162a;\" data-opacity=\".50\" data-hover-opacity=\".1\" ><img decoding=\"async\" class=\"ult-new-ib-img\" style=\"opacity:.50;\" alt=\"null\" src=\"https:\/\/nakasawaresources.com\/wp-content\/uploads\/2021\/03\/consumo.jpg\"   \/><div id=\"interactive-banner-wrap-5753\" class=\"ult-new-ib-desc\" style=\"\"><h2 class=\"ult-new-ib-title ult-responsive\"  data-ultimate-target='#interactive-banner-wrap-5753 .ult-new-ib-title'  data-responsive-json-new='{\"font-size\":\"\",\"line-height\":\"\"}'  style=\"font-weight:bold;color:#ffffff;\">CONSUMIDORES SOSTENIBLES<\/h2><div class=\"ult-new-ib-content ult-responsive\"  data-ultimate-target='#interactive-banner-wrap-5753 .ult-new-ib-content'  data-responsive-json-new='{\"font-size\":\"\",\"line-height\":\"\"}'  style=\"font-weight:normal;color:#ffffff;\"><p>Producci\u00f3n de energ\u00eda que cumpla con la garant\u00eda de suministro para los consumidores, pero asegure un menor impacto ambiental: disminuci\u00f3n del consumo de combustible necesario para el desarrollo de las operaciones hasta en un 12%.<\/p><\/div><\/div><\/div>[\/vc_column][\/vc_row]<\/p>\n<\/div>","protected":false},"excerpt":{"rendered":"<p>[vc_row css=&#8221;.vc_custom_1616722000653{padding-top: 3% !important;padding-bottom: 0px !important;}&#8221;][vc_column width=&#8221;1\/2&#8243;][vc_column_text]La energ\u00eda f\u00f3sil a\u00fan ocupa el 80% de nuestro mix energ\u00e9tico y, por ello, debemos seguir dando servicio a nuestros clientes y as\u00ed, seguir cumpliendo con la garant\u00eda de suministro. Sin embargo, desde nuestro compromiso con la evoluci\u00f3n sostenible de la industria energ\u00e9tica a nivel global, apostamos por un &hellip; <a href=\"https:\/\/nakasawaresources.com\/es\/energia-y-futuro\/\" class=\"more-link\">Continue reading <span class=\"screen-reader-text\">Energ\u00eda y futuro<\/span><\/a><\/p>\n","protected":false},"author":12,"featured_media":0,"parent":0,"menu_order":0,"comment_status":"closed","ping_status":"closed","template":"","meta":{"_acf_changed":false,"om_disable_all_campaigns":false,"footnotes":""},"class_list":["post-8416","page","type-page","status-publish","hentry"],"acf":[],"yoast_head":"<!-- This site is optimized with the Yoast SEO plugin v27.5 - https:\/\/yoast.com\/product\/yoast-seo-wordpress\/ -->\n<title>Energ\u00eda y futuro - Nakasawa<\/title>\n<meta name=\"description\" content=\"Tecnolog\u00edas Upstream para la recuperaci\u00f3n mejorada de petr\u00f3leo y procesos de producci\u00f3n de Nakasawa Resources.\" \/>\n<meta name=\"robots\" content=\"index, follow, max-snippet:-1, max-image-preview:large, max-video-preview:-1\" \/>\n<link rel=\"canonical\" href=\"https:\/\/nakasawaresources.com\/es\/energia-y-futuro\/\" \/>\n<meta property=\"og:locale\" content=\"es_ES\" \/>\n<meta property=\"og:type\" content=\"article\" \/>\n<meta property=\"og:title\" content=\"Energ\u00eda y futuro - Nakasawa\" \/>\n<meta property=\"og:description\" content=\"Tecnolog\u00edas Upstream para la recuperaci\u00f3n mejorada de petr\u00f3leo y procesos de producci\u00f3n de Nakasawa Resources.\" \/>\n<meta property=\"og:url\" content=\"https:\/\/nakasawaresources.com\/es\/energia-y-futuro\/\" \/>\n<meta property=\"og:site_name\" content=\"Nakasawa\" \/>\n<meta property=\"article:publisher\" content=\"https:\/\/www.facebook.com\/Nakasawaresources\/\" \/>\n<meta property=\"article:modified_time\" content=\"2023-12-04T14:17:46+00:00\" \/>\n<meta property=\"og:image\" content=\"https:\/\/nakasawaresources.com\/wp-content\/uploads\/2021\/04\/OneColor-Red-1.jpg\" \/>\n\t<meta property=\"og:image:width\" content=\"1876\" \/>\n\t<meta property=\"og:image:height\" content=\"697\" \/>\n\t<meta property=\"og:image:type\" content=\"image\/jpeg\" \/>\n<meta name=\"twitter:card\" content=\"summary_large_image\" \/>\n<meta name=\"twitter:image\" content=\"https:\/\/nakasawaresources.com\/wp-content\/uploads\/2021\/04\/OneColor-Red-1.jpg\" \/>\n<meta name=\"twitter:site\" content=\"@nakasawar\" \/>\n<meta name=\"twitter:label1\" content=\"Tiempo de lectura\" \/>\n\t<meta name=\"twitter:data1\" content=\"2 minutos\" \/>\n<script type=\"application\/ld+json\" class=\"yoast-schema-graph\">{\"@context\":\"https:\\\/\\\/schema.org\",\"@graph\":[{\"@type\":\"WebPage\",\"@id\":\"https:\\\/\\\/nakasawaresources.com\\\/es\\\/energia-y-futuro\\\/\",\"url\":\"https:\\\/\\\/nakasawaresources.com\\\/es\\\/energia-y-futuro\\\/\",\"name\":\"Energ\u00eda y futuro - Nakasawa\",\"isPartOf\":{\"@id\":\"https:\\\/\\\/nakasawaresources.com\\\/es\\\/#website\"},\"datePublished\":\"2021-03-25T23:16:54+00:00\",\"dateModified\":\"2023-12-04T14:17:46+00:00\",\"description\":\"Tecnolog\u00edas Upstream para la recuperaci\u00f3n mejorada de petr\u00f3leo y procesos de producci\u00f3n de Nakasawa Resources.\",\"breadcrumb\":{\"@id\":\"https:\\\/\\\/nakasawaresources.com\\\/es\\\/energia-y-futuro\\\/#breadcrumb\"},\"inLanguage\":\"es\",\"potentialAction\":[{\"@type\":\"ReadAction\",\"target\":[\"https:\\\/\\\/nakasawaresources.com\\\/es\\\/energia-y-futuro\\\/\"]}]},{\"@type\":\"BreadcrumbList\",\"@id\":\"https:\\\/\\\/nakasawaresources.com\\\/es\\\/energia-y-futuro\\\/#breadcrumb\",\"itemListElement\":[{\"@type\":\"ListItem\",\"position\":1,\"name\":\"Home\",\"item\":\"https:\\\/\\\/nakasawaresources.com\\\/es\\\/\"},{\"@type\":\"ListItem\",\"position\":2,\"name\":\"Energ\u00eda y futuro\"}]},{\"@type\":\"WebSite\",\"@id\":\"https:\\\/\\\/nakasawaresources.com\\\/es\\\/#website\",\"url\":\"https:\\\/\\\/nakasawaresources.com\\\/es\\\/\",\"name\":\"Nakasawa\",\"description\":\"UPSTREAM  TECHNOLOGIES  FOR OIL PRODUCTION\",\"publisher\":{\"@id\":\"https:\\\/\\\/nakasawaresources.com\\\/es\\\/#organization\"},\"potentialAction\":[{\"@type\":\"SearchAction\",\"target\":{\"@type\":\"EntryPoint\",\"urlTemplate\":\"https:\\\/\\\/nakasawaresources.com\\\/es\\\/?s={search_term_string}\"},\"query-input\":{\"@type\":\"PropertyValueSpecification\",\"valueRequired\":true,\"valueName\":\"search_term_string\"}}],\"inLanguage\":\"es\"},{\"@type\":\"Organization\",\"@id\":\"https:\\\/\\\/nakasawaresources.com\\\/es\\\/#organization\",\"name\":\"Nakasawa Resources\",\"url\":\"https:\\\/\\\/nakasawaresources.com\\\/es\\\/\",\"logo\":{\"@type\":\"ImageObject\",\"inLanguage\":\"es\",\"@id\":\"https:\\\/\\\/nakasawaresources.com\\\/es\\\/#\\\/schema\\\/logo\\\/image\\\/\",\"url\":\"https:\\\/\\\/nakasawaresources.com\\\/wp-content\\\/uploads\\\/2018\\\/10\\\/materialwp-logo.png\",\"contentUrl\":\"https:\\\/\\\/nakasawaresources.com\\\/wp-content\\\/uploads\\\/2018\\\/10\\\/materialwp-logo.png\",\"width\":221,\"height\":108,\"caption\":\"Nakasawa Resources\"},\"image\":{\"@id\":\"https:\\\/\\\/nakasawaresources.com\\\/es\\\/#\\\/schema\\\/logo\\\/image\\\/\"},\"sameAs\":[\"https:\\\/\\\/www.facebook.com\\\/Nakasawaresources\\\/\",\"https:\\\/\\\/x.com\\\/nakasawar\",\"https:\\\/\\\/www.linkedin.com\\\/company\\\/nakasawaresources\",\"https:\\\/\\\/www.youtube.com\\\/channel\\\/UCQ_asGVhgUF22xXBg7wqF2g\\\/featured\"]}]}<\/script>\n<!-- \/ Yoast SEO plugin. -->","yoast_head_json":{"title":"Energ\u00eda y futuro - Nakasawa","description":"Tecnolog\u00edas Upstream para la recuperaci\u00f3n mejorada de petr\u00f3leo y procesos de producci\u00f3n de Nakasawa Resources.","robots":{"index":"index","follow":"follow","max-snippet":"max-snippet:-1","max-image-preview":"max-image-preview:large","max-video-preview":"max-video-preview:-1"},"canonical":"https:\/\/nakasawaresources.com\/es\/energia-y-futuro\/","og_locale":"es_ES","og_type":"article","og_title":"Energ\u00eda y futuro - Nakasawa","og_description":"Tecnolog\u00edas Upstream para la recuperaci\u00f3n mejorada de petr\u00f3leo y procesos de producci\u00f3n de Nakasawa Resources.","og_url":"https:\/\/nakasawaresources.com\/es\/energia-y-futuro\/","og_site_name":"Nakasawa","article_publisher":"https:\/\/www.facebook.com\/Nakasawaresources\/","article_modified_time":"2023-12-04T14:17:46+00:00","og_image":[{"width":1876,"height":697,"url":"https:\/\/nakasawaresources.com\/wp-content\/uploads\/2021\/04\/OneColor-Red-1.jpg","type":"image\/jpeg"}],"twitter_card":"summary_large_image","twitter_image":"https:\/\/nakasawaresources.com\/wp-content\/uploads\/2021\/04\/OneColor-Red-1.jpg","twitter_site":"@nakasawar","twitter_misc":{"Tiempo de lectura":"2 minutos"},"schema":{"@context":"https:\/\/schema.org","@graph":[{"@type":"WebPage","@id":"https:\/\/nakasawaresources.com\/es\/energia-y-futuro\/","url":"https:\/\/nakasawaresources.com\/es\/energia-y-futuro\/","name":"Energ\u00eda y futuro - Nakasawa","isPartOf":{"@id":"https:\/\/nakasawaresources.com\/es\/#website"},"datePublished":"2021-03-25T23:16:54+00:00","dateModified":"2023-12-04T14:17:46+00:00","description":"Tecnolog\u00edas Upstream para la recuperaci\u00f3n mejorada de petr\u00f3leo y procesos de producci\u00f3n de Nakasawa Resources.","breadcrumb":{"@id":"https:\/\/nakasawaresources.com\/es\/energia-y-futuro\/#breadcrumb"},"inLanguage":"es","potentialAction":[{"@type":"ReadAction","target":["https:\/\/nakasawaresources.com\/es\/energia-y-futuro\/"]}]},{"@type":"BreadcrumbList","@id":"https:\/\/nakasawaresources.com\/es\/energia-y-futuro\/#breadcrumb","itemListElement":[{"@type":"ListItem","position":1,"name":"Home","item":"https:\/\/nakasawaresources.com\/es\/"},{"@type":"ListItem","position":2,"name":"Energ\u00eda y futuro"}]},{"@type":"WebSite","@id":"https:\/\/nakasawaresources.com\/es\/#website","url":"https:\/\/nakasawaresources.com\/es\/","name":"Nakasawa","description":"UPSTREAM  TECHNOLOGIES  FOR OIL PRODUCTION","publisher":{"@id":"https:\/\/nakasawaresources.com\/es\/#organization"},"potentialAction":[{"@type":"SearchAction","target":{"@type":"EntryPoint","urlTemplate":"https:\/\/nakasawaresources.com\/es\/?s={search_term_string}"},"query-input":{"@type":"PropertyValueSpecification","valueRequired":true,"valueName":"search_term_string"}}],"inLanguage":"es"},{"@type":"Organization","@id":"https:\/\/nakasawaresources.com\/es\/#organization","name":"Nakasawa Resources","url":"https:\/\/nakasawaresources.com\/es\/","logo":{"@type":"ImageObject","inLanguage":"es","@id":"https:\/\/nakasawaresources.com\/es\/#\/schema\/logo\/image\/","url":"https:\/\/nakasawaresources.com\/wp-content\/uploads\/2018\/10\/materialwp-logo.png","contentUrl":"https:\/\/nakasawaresources.com\/wp-content\/uploads\/2018\/10\/materialwp-logo.png","width":221,"height":108,"caption":"Nakasawa Resources"},"image":{"@id":"https:\/\/nakasawaresources.com\/es\/#\/schema\/logo\/image\/"},"sameAs":["https:\/\/www.facebook.com\/Nakasawaresources\/","https:\/\/x.com\/nakasawar","https:\/\/www.linkedin.com\/company\/nakasawaresources","https:\/\/www.youtube.com\/channel\/UCQ_asGVhgUF22xXBg7wqF2g\/featured"]}]}},"_links":{"self":[{"href":"https:\/\/nakasawaresources.com\/es\/wp-json\/wp\/v2\/pages\/8416","targetHints":{"allow":["GET"]}}],"collection":[{"href":"https:\/\/nakasawaresources.com\/es\/wp-json\/wp\/v2\/pages"}],"about":[{"href":"https:\/\/nakasawaresources.com\/es\/wp-json\/wp\/v2\/types\/page"}],"author":[{"embeddable":true,"href":"https:\/\/nakasawaresources.com\/es\/wp-json\/wp\/v2\/users\/12"}],"replies":[{"embeddable":true,"href":"https:\/\/nakasawaresources.com\/es\/wp-json\/wp\/v2\/comments?post=8416"}],"version-history":[{"count":9,"href":"https:\/\/nakasawaresources.com\/es\/wp-json\/wp\/v2\/pages\/8416\/revisions"}],"predecessor-version":[{"id":12313,"href":"https:\/\/nakasawaresources.com\/es\/wp-json\/wp\/v2\/pages\/8416\/revisions\/12313"}],"wp:attachment":[{"href":"https:\/\/nakasawaresources.com\/es\/wp-json\/wp\/v2\/media?parent=8416"}],"curies":[{"name":"wp","href":"https:\/\/api.w.org\/{rel}","templated":true}]}}