{"id":8283,"date":"2021-03-24T16:26:59","date_gmt":"2021-03-24T22:26:59","guid":{"rendered":"https:\/\/nakasawaresources.com\/?page_id=8283"},"modified":"2022-07-14T17:34:55","modified_gmt":"2022-07-14T22:34:55","slug":"consultoria-y-servicios","status":"publish","type":"page","link":"https:\/\/nakasawaresources.com\/es\/consultoria-y-servicios\/","title":{"rendered":"Consultor\u00eda y servicios"},"content":{"rendered":"<div class=\"wpb-content-wrapper\"><p>[vc_row css=&#8221;.vc_custom_1616625314412{padding-top: 5% !important;padding-bottom: 0px !important;}&#8221;][vc_column][vc_custom_heading text=&#8221;VISI\u00d3N&#8221; use_theme_fonts=&#8221;yes&#8221;][vc_row_inner][vc_column_inner width=&#8221;1\/2&#8243;][vc_column_text]<\/p>\n<p>La explotaci\u00f3n de los yacimientos y una adecuada metodolog\u00eda de producci\u00f3n conducen a establecer los mecanismos m\u00e1s adecuados y factibles para obtener altos \u00edndices de productividad.<\/p>\n<p>En Nakasawa Resources, ofrecemos a los clientes la <strong>gesti\u00f3n completa de Consultor\u00eda y Asistencia T\u00e9cnica para proyectos integrales<\/strong> en la perspectiva de subsuelo y superficie con el fin de:<\/p>\n<ul>\n<li>Visualizacion y dise\u00f1o de planes de explotaci\u00f3n. correspondientes al proceso de Recuperaci\u00f3n Primaria y Mejorada de Petr\u00f3leo (EOR).<\/li>\n<li>Diagn\u00f3stico de pozos y dise\u00f1os de completaci\u00f3n.<\/li>\n<li>Aplicaci\u00f3n de nuevas tecnolog\u00edas.<\/li>\n<li>Asesoramiento para las operaciones de campo en la etapa de producci\u00f3n posterior a los Procesos de Inyecci\u00f3n de Vapor.<\/li>\n<\/ul>\n<p>[\/vc_column_text][\/vc_column_inner][vc_column_inner width=&#8221;1\/2&#8243;][vc_single_image image=&#8221;8287&#8243; img_size=&#8221;full&#8221; alignment=&#8221;center&#8221;][\/vc_column_inner][\/vc_row_inner][\/vc_column][\/vc_row][vc_row full_width=&#8221;stretch_row&#8221; bg_type=&#8221;bg_color&#8221; css=&#8221;.vc_custom_1616625540021{padding-top: 2% !important;padding-bottom: 0px !important;}&#8221; bg_color_value=&#8221;#09162a&#8221;][vc_column][vc_custom_heading text=&#8221;OBJETIVO&#8221; font_container=&#8221;tag:h2|text_align:left|color:%23ffffff&#8221; use_theme_fonts=&#8221;yes&#8221;][vc_row_inner ts_textcolor=&#8221;white&#8221; css=&#8221;.vc_custom_1619653930610{padding-bottom: 5% !important;}&#8221;][vc_column_inner][vc_column_text]En Nakasawa Resources trabajamos en sinergia con el cliente para atender sus necesidades de producci\u00f3n en el campo de la recuperaci\u00f3n mejorada de hidrocarburos, mediante la aplicaci\u00f3n de tecnolog\u00edas innovadoras y soporte t\u00e9cnico para recuperar el crudo e incrementar el factor de recuperaci\u00f3n en los campos.<\/p>\n<p>En consecuencia, ofrecemos a los clientes una correcta combinaci\u00f3n de productos, servicios y experiencia t\u00e9cnica, basada en una excelente gesti\u00f3n de calidad, seguridad y econom\u00eda, a trav\u00e9s de un &#8220;Manual de Servicio de Consultor\u00eda y Asistencia t\u00e9cnica,&#8221; correspondiente a la secci\u00f3n de an\u00e1lisis de yacimientos, optimizaci\u00f3n de pozos y procesos de recuperaci\u00f3n mejorada para la gesti\u00f3n de proyectos t\u00e9rmicos.<\/p>\n<p>El objetivo principal de este Manual de Servicio de Consultor\u00eda y Asistencia T\u00e9cnica, es proporcionar al cliente de acuerdo a sus necesidades y expectativas, el servicio de estudios de yacimientos y productividad.<\/p>\n<p>Dicho prop\u00f3sito, mediante el desarrollo de planes de explotaci\u00f3n de nuevos yacimientos as\u00ed como estudios de Incremento de producci\u00f3n de campos maduros, diagn\u00f3sticos de Pozos, dise\u00f1os de diagramas mec\u00e1nicos propios de Nakasawa Resources y asesoramiento para la operaci\u00f3n de campos.[\/vc_column_text]<div id=\"modal-trg-txt-wrap-5630\" class=\"ult-modal-input-wrapper ult-adjust-bottom-margin    \" data-keypress-control=\"keypress-control-enable\" data-overlay-control=\"overlay-control-enable\"><style>\n\t\t\t\t\t.btn-modal.btn-id-69f8aedf358344-64482309:hover {\n\t\t\t\t\t\tbackground-color: #eb0029 !important;\n\t\t\t\t\t}\n\t\t\t\t\t<\/style><button  data-ultimate-target='#modal-trg-txt-wrap-5630 .btn-modal'  data-responsive-json-new='{\"font-size\":\"\",\"line-height\":\"\"}'  style=\"background:#eb0029;border-color:#eb0029;color:#ffffff; \" data-class-id=\"content-69f8aedf358344-64482309\" class=\"btn-modal ult-responsive btn-primary btn-modal-lg overlay-show formulario-cv-button  ult-align-left btn-id-69f8aedf358344-64482309\" data-overlay-class=\"overlay-fade\">Brochure comercial<\/button><\/div>\n<div class=\"ult-overlay content-69f8aedf358344-64482309 formulario-cv\" data-class=\"content-69f8aedf358344-64482309\" id=\"button-click-overlay\" style=\"background:rgba(51,51,51,0.8); display:none;\">\n\t<div class=\"ult_modal ult-fade ult-small\">\n\t<div class=\"ult-overlay-close popup-top-right\" style=\"width:80px;height:80px;  \"><div class=\"ult-overlay-close-inside\">Close<\/div><\/div>\n\t\t<div id=\"ult-modal-wrap-8925\" class=\"ult_modal-content ult-hide\" style=\"border-style:solid;border-width:2px;border-radius:0px;border-color:#333333;\">\n\t\t\t<div class=\"ult_modal-header\" style=\"color:#333333;border-color:#333333;\">\n\t\t\t\t<h3  data-ultimate-target='#ult-modal-wrap-8925 .ult_modal-title'  data-responsive-json-new='{\"font-size\":\"\",\"line-height\":\"\"}'  class=\"ult_modal-title ult-responsive\">Brochure comercial<\/h3>\n\t\t\t<\/div>\n\t\t\t<div  data-ultimate-target='#ult-modal-wrap-8925 .ult_modal-body'  data-responsive-json-new='{\"font-size\":\"\",\"line-height\":\"\"}'  class=\"ult_modal-body ult-responsive ult-html\" style=\"\">\n\t\t\t\n<div class=\"wpcf7 no-js\" id=\"wpcf7-f8860-o1\" lang=\"en-US\" dir=\"ltr\" data-wpcf7-id=\"8860\">\n<div class=\"screen-reader-response\"><p role=\"status\" aria-live=\"polite\" aria-atomic=\"true\"><\/p> <ul><\/ul><\/div>\n<form action=\"\/es\/wp-json\/wp\/v2\/pages\/8283#wpcf7-f8860-o1\" method=\"post\" class=\"wpcf7-form init a73ba3286af2 cmatic-conn cmatic-aud-3 cmatic-mapd0-0 cmatic-v097803 cmatic-sent-0 cmatic-total-61\" aria-label=\"Contact form\" novalidate=\"novalidate\" data-status=\"init\">\n<fieldset class=\"hidden-fields-container\"><input type=\"hidden\" name=\"_wpcf7\" value=\"8860\" \/><input type=\"hidden\" name=\"_wpcf7_version\" value=\"6.1.5\" \/><input type=\"hidden\" name=\"_wpcf7_locale\" value=\"en_US\" \/><input type=\"hidden\" name=\"_wpcf7_unit_tag\" value=\"wpcf7-f8860-o1\" \/><input type=\"hidden\" name=\"_wpcf7_container_post\" value=\"0\" \/><input type=\"hidden\" name=\"_wpcf7_posted_data_hash\" value=\"\" \/>\n<\/fieldset>\n<div class=\"wpcf7-turnstile cf-turnstile\" data-sitekey=\"0x4AAAAAAB78dMe7hFu4q55i\" data-response-field-name=\"_wpcf7_turnstile_response\"><\/div>\n\n<p><label> Nombre*<br \/>\n<span class=\"wpcf7-form-control-wrap\" data-name=\"your-name\"><input size=\"40\" maxlength=\"400\" class=\"wpcf7-form-control wpcf7-text wpcf7-validates-as-required\" aria-required=\"true\" aria-invalid=\"false\" value=\"\" type=\"text\" name=\"your-name\" \/><\/span> <\/label>\n<\/p>\n<p><label> Apellidos*<br \/>\n<span class=\"wpcf7-form-control-wrap\" data-name=\"apellidos\"><input size=\"40\" maxlength=\"400\" class=\"wpcf7-form-control wpcf7-text wpcf7-validates-as-required\" aria-required=\"true\" aria-invalid=\"false\" value=\"\" type=\"text\" name=\"apellidos\" \/><\/span> <\/label>\n<\/p>\n<p><label> Correo electr\u00f3nico<br \/>\n<span class=\"wpcf7-form-control-wrap\" data-name=\"your-email\"><input size=\"40\" maxlength=\"400\" class=\"wpcf7-form-control wpcf7-email wpcf7-validates-as-required wpcf7-text wpcf7-validates-as-email\" aria-required=\"true\" aria-invalid=\"false\" value=\"\" type=\"email\" name=\"your-email\" \/><\/span> <\/label>\n<\/p>\n<p><input class=\"wpcf7-form-control wpcf7-submit has-spinner\" type=\"submit\" value=\"Enviar\" \/>\n<\/p><div class=\"wpcf7-response-output\" aria-hidden=\"true\"><\/div>\n<\/form>\n<\/div>\n\n\t\t\t<\/div>\n\t<\/div>\n\t<\/div>\n<\/div>[\/vc_column_inner][\/vc_row_inner][\/vc_column][\/vc_row][vc_row css=&#8221;.vc_custom_1616625746796{padding-top: 2% !important;padding-bottom: 0px !important;}&#8221;][vc_column][vc_custom_heading text=&#8221;ALCANCE&#8221; use_theme_fonts=&#8221;yes&#8221;][vc_column_text]<\/p>\n<p>Presentar el contenido del servicio de consultor\u00eda y asistencia t\u00e9cnica, para cumplir con los requerimientos de estudios de yacimientos, planes de explotaci\u00f3n, optimizaci\u00f3n de pozos, dise\u00f1os de terminaci\u00f3n para pozos t\u00e9rmicos y convencionales, as\u00ed como la asesor\u00eda t\u00e9cnica para operaciones de campo.<\/p>\n<p>La metodolog\u00eda del servicio de Nakasawa Resources contempla las siguientes actividades generales sin limitarse a ello, pudiendo adaptarse a las necesidades del cliente; Se dividir\u00e1 en cuatro (4) fases principales:<\/p>\n<p>[\/vc_column_text][\/vc_column][\/vc_row][vc_row css=&#8221;.vc_custom_1657837766947{padding-top: 2% !important;padding-bottom: 0px !important;}&#8221; el_class=&#8221;row-fase&#8221;][vc_column width=&#8221;1\/4&#8243;]<div id=\"ultib3-392319101969f8aedf40986\" class=\" ultb3-box ult-adjust-bottom-margin  \" style=\"\"><div class=\"ultb3-box-overlay\" style=\"background:rgba(9,22,42,0.7);\"><\/div><img decoding=\"async\" src=\"https:\/\/nakasawaresources.com\/wp-content\/uploads\/2021\/03\/fondo-consulta.jpg\" style=\"\" class=\"ultb3-img ultb3-img-center\" alt=\"null\"\/><div id=\"Info-banner-wrap1492\" class=\"ultb3-info ib3-info-center\" data-animation=\"\" data-animation-delay=\"03\"><div class=\"ultb3-title ult-responsive\"  data-ultimate-target='#Info-banner-wrap1492 .ultb3-title'  data-responsive-json-new='{\"font-size\":\"desktop:30px;\",\"line-height\":\"\"}'  style=\"font-weight:bold;color:#ffffff;\">FASE I<\/div><div class=\"ultb3-desc ult-responsive\"  data-ultimate-target='#Info-banner-wrap1492 .ultb3-desc'  data-responsive-json-new='{\"font-size\":\"desktop:16px;\",\"line-height\":\"\"}'  style=\"font-weight:normal;color:#ffffff;\">APOYO T\u00c9CNICO PARA LA REALIZACI\u00d3N DE PLANES DE EXPLOTACI\u00d3N SOBRE EL TERRENO.<\/div><\/div><\/div><style>\n\t\t\t\t\t#ultib3-392319101969f8aedf40986 {\n\t\t\t\t\t\tmin-height:250px;\n\t\t\t\t\t}\n\t\t\t\t\t#ultib3-392319101969f8aedf40986 img.ultb3-img {\n\t\t\t\t\t\theight: px;\n\t\t\t\t\t}\n\t\t\t\t\t#ultib3-392319101969f8aedf40986 .ultb3-btn {\n\t\t\t\t\t\tborder-radius:50px;color:#ffffff;\n\t\t\t\t\t}\n\t\t\t\t\t#ultib3-392319101969f8aedf40986 .ultb3-btn:hover {\n\t\t\t\t\t\tcolor:#ffffff;\n\t\t\t\t\t}\n\t\t\t\t\t#ultib3-392319101969f8aedf40986 .ultb3-btn:focus {\n\t\t\t\t\t\toutline: 2px solid #005fcc;\n\t\t\t\t\t\toutline-offset: 2px;\n\t\t\t\t\t}\n\t\t\t\t<\/style>[\/vc_column][vc_column width=&#8221;1\/4&#8243;]<div id=\"ultib3-382635800369f8aedf40a68\" class=\" ultb3-box ult-adjust-bottom-margin  \" style=\"\"><div class=\"ultb3-box-overlay\" style=\"background:rgba(9,22,42,0.7);\"><\/div><img decoding=\"async\" src=\"https:\/\/nakasawaresources.com\/wp-content\/uploads\/2021\/03\/fondo-consulta.jpg\" style=\"\" class=\"ultb3-img ultb3-img-center\" alt=\"null\"\/><div id=\"Info-banner-wrap1063\" class=\"ultb3-info ib3-info-center\" data-animation=\"\" data-animation-delay=\"03\"><div class=\"ultb3-title ult-responsive\"  data-ultimate-target='#Info-banner-wrap1063 .ultb3-title'  data-responsive-json-new='{\"font-size\":\"desktop:30px;\",\"line-height\":\"\"}'  style=\"font-weight:bold;color:#ffffff;\">FASE II<\/div><div class=\"ultb3-desc ult-responsive\"  data-ultimate-target='#Info-banner-wrap1063 .ultb3-desc'  data-responsive-json-new='{\"font-size\":\"desktop:16px;\",\"line-height\":\"\"}'  style=\"font-weight:normal;color:#ffffff;\">APOYO T\u00c9CNICO PARA LA TERMINACI\u00d3N DE POZOS (LEVANTAMIENTO ARTIFICIAL) Y DISE\u00d1O DE INSTALACIONES DE SUPERFICIE.<\/div><\/div><\/div><style>\n\t\t\t\t\t#ultib3-382635800369f8aedf40a68 {\n\t\t\t\t\t\tmin-height:250px;\n\t\t\t\t\t}\n\t\t\t\t\t#ultib3-382635800369f8aedf40a68 img.ultb3-img {\n\t\t\t\t\t\theight: px;\n\t\t\t\t\t}\n\t\t\t\t\t#ultib3-382635800369f8aedf40a68 .ultb3-btn {\n\t\t\t\t\t\tborder-radius:50px;color:#ffffff;\n\t\t\t\t\t}\n\t\t\t\t\t#ultib3-382635800369f8aedf40a68 .ultb3-btn:hover {\n\t\t\t\t\t\tcolor:#ffffff;\n\t\t\t\t\t}\n\t\t\t\t\t#ultib3-382635800369f8aedf40a68 .ultb3-btn:focus {\n\t\t\t\t\t\toutline: 2px solid #005fcc;\n\t\t\t\t\t\toutline-offset: 2px;\n\t\t\t\t\t}\n\t\t\t\t<\/style>[\/vc_column][vc_column width=&#8221;1\/4&#8243;]<div id=\"ultib3-267242241569f8aedf40b02\" class=\" ultb3-box ult-adjust-bottom-margin  \" style=\"\"><div class=\"ultb3-box-overlay\" style=\"background:rgba(9,22,42,0.7);\"><\/div><img decoding=\"async\" src=\"https:\/\/nakasawaresources.com\/wp-content\/uploads\/2021\/03\/fondo-consulta.jpg\" style=\"\" class=\"ultb3-img ultb3-img-center\" alt=\"null\"\/><div id=\"Info-banner-wrap9973\" class=\"ultb3-info ib3-info-center\" data-animation=\"\" data-animation-delay=\"03\"><div class=\"ultb3-title ult-responsive\"  data-ultimate-target='#Info-banner-wrap9973 .ultb3-title'  data-responsive-json-new='{\"font-size\":\"desktop:30px;\",\"line-height\":\"\"}'  style=\"font-weight:bold;color:#ffffff;\">FASE III<\/div><div class=\"ultb3-desc ult-responsive\"  data-ultimate-target='#Info-banner-wrap9973 .ultb3-desc'  data-responsive-json-new='{\"font-size\":\"desktop:16px;\",\"line-height\":\"\"}'  style=\"font-weight:normal;color:#ffffff;\">APOYO T\u00c9CNICO PARA EL DIAGN\u00d3STICO Y LA OPTIMIZACI\u00d3N DE POZOS.<\/div><\/div><\/div><style>\n\t\t\t\t\t#ultib3-267242241569f8aedf40b02 {\n\t\t\t\t\t\tmin-height:250px;\n\t\t\t\t\t}\n\t\t\t\t\t#ultib3-267242241569f8aedf40b02 img.ultb3-img {\n\t\t\t\t\t\theight: px;\n\t\t\t\t\t}\n\t\t\t\t\t#ultib3-267242241569f8aedf40b02 .ultb3-btn {\n\t\t\t\t\t\tborder-radius:50px;color:#ffffff;\n\t\t\t\t\t}\n\t\t\t\t\t#ultib3-267242241569f8aedf40b02 .ultb3-btn:hover {\n\t\t\t\t\t\tcolor:#ffffff;\n\t\t\t\t\t}\n\t\t\t\t\t#ultib3-267242241569f8aedf40b02 .ultb3-btn:focus {\n\t\t\t\t\t\toutline: 2px solid #005fcc;\n\t\t\t\t\t\toutline-offset: 2px;\n\t\t\t\t\t}\n\t\t\t\t<\/style>[\/vc_column][vc_column width=&#8221;1\/4&#8243;]<div id=\"ultib3-110254381169f8aedf40b90\" class=\" ultb3-box ult-adjust-bottom-margin  \" style=\"\"><div class=\"ultb3-box-overlay\" style=\"background:rgba(9,22,42,0.7);\"><\/div><img decoding=\"async\" src=\"https:\/\/nakasawaresources.com\/wp-content\/uploads\/2021\/03\/fondo-consulta.jpg\" style=\"\" class=\"ultb3-img ultb3-img-center\" alt=\"null\"\/><div id=\"Info-banner-wrap3467\" class=\"ultb3-info ib3-info-center\" data-animation=\"\" data-animation-delay=\"03\"><div class=\"ultb3-title ult-responsive\"  data-ultimate-target='#Info-banner-wrap3467 .ultb3-title'  data-responsive-json-new='{\"font-size\":\"desktop:30px;\",\"line-height\":\"\"}'  style=\"font-weight:bold;color:#ffffff;\">FASE IV<\/div><div class=\"ultb3-desc ult-responsive\"  data-ultimate-target='#Info-banner-wrap3467 .ultb3-desc'  data-responsive-json-new='{\"font-size\":\"desktop:16px;\",\"line-height\":\"\"}'  style=\"font-weight:normal;color:#ffffff;\">SERVICIO DE ASISTENCIA T\u00c9CNICA PARA OPERACIONES SOBRE EL TERRENO.<\/div><\/div><\/div><style>\n\t\t\t\t\t#ultib3-110254381169f8aedf40b90 {\n\t\t\t\t\t\tmin-height:250px;\n\t\t\t\t\t}\n\t\t\t\t\t#ultib3-110254381169f8aedf40b90 img.ultb3-img {\n\t\t\t\t\t\theight: px;\n\t\t\t\t\t}\n\t\t\t\t\t#ultib3-110254381169f8aedf40b90 .ultb3-btn {\n\t\t\t\t\t\tborder-radius:50px;color:#ffffff;\n\t\t\t\t\t}\n\t\t\t\t\t#ultib3-110254381169f8aedf40b90 .ultb3-btn:hover {\n\t\t\t\t\t\tcolor:#ffffff;\n\t\t\t\t\t}\n\t\t\t\t\t#ultib3-110254381169f8aedf40b90 .ultb3-btn:focus {\n\t\t\t\t\t\toutline: 2px solid #005fcc;\n\t\t\t\t\t\toutline-offset: 2px;\n\t\t\t\t\t}\n\t\t\t\t<\/style>[\/vc_column][\/vc_row]<\/p>\n<\/div>","protected":false},"excerpt":{"rendered":"<p>[vc_row css=&#8221;.vc_custom_1616625314412{padding-top: 5% !important;padding-bottom: 0px !important;}&#8221;][vc_column][vc_custom_heading text=&#8221;VISI\u00d3N&#8221; use_theme_fonts=&#8221;yes&#8221;][vc_row_inner][vc_column_inner width=&#8221;1\/2&#8243;][vc_column_text] La explotaci\u00f3n de los yacimientos y una adecuada metodolog\u00eda de producci\u00f3n conducen a establecer los mecanismos m\u00e1s adecuados y factibles para obtener altos \u00edndices de productividad. En Nakasawa Resources, ofrecemos a los clientes la gesti\u00f3n completa de Consultor\u00eda y Asistencia T\u00e9cnica para proyectos integrales en la &hellip; <a href=\"https:\/\/nakasawaresources.com\/es\/consultoria-y-servicios\/\" class=\"more-link\">Continue reading <span class=\"screen-reader-text\">Consultor\u00eda y servicios<\/span><\/a><\/p>\n","protected":false},"author":12,"featured_media":0,"parent":0,"menu_order":0,"comment_status":"closed","ping_status":"closed","template":"","meta":{"_acf_changed":false,"om_disable_all_campaigns":false,"footnotes":""},"class_list":["post-8283","page","type-page","status-publish","hentry"],"acf":[],"yoast_head":"<!-- This site is optimized with the Yoast SEO plugin v27.5 - https:\/\/yoast.com\/product\/yoast-seo-wordpress\/ -->\n<title>Consultor\u00eda y servicios - Nakasawa<\/title>\n<meta name=\"description\" content=\"Tecnolog\u00edas Upstream para la recuperaci\u00f3n mejorada de petr\u00f3leo y procesos de producci\u00f3n de Nakasawa Resources.\" \/>\n<meta name=\"robots\" content=\"index, follow, max-snippet:-1, max-image-preview:large, max-video-preview:-1\" \/>\n<link rel=\"canonical\" href=\"https:\/\/nakasawaresources.com\/es\/consultoria-y-servicios\/\" \/>\n<meta property=\"og:locale\" content=\"es_ES\" \/>\n<meta property=\"og:type\" content=\"article\" \/>\n<meta property=\"og:title\" content=\"Consultor\u00eda y servicios\" \/>\n<meta property=\"og:description\" content=\"Tecnolog\u00edas Upstream para la recuperaci\u00f3n mejorada de petr\u00f3leo y procesos de producci\u00f3n de Nakasawa Resources.\" \/>\n<meta property=\"og:url\" content=\"https:\/\/nakasawaresources.com\/es\/consultoria-y-servicios\/\" \/>\n<meta property=\"og:site_name\" content=\"Nakasawa\" \/>\n<meta property=\"article:publisher\" content=\"https:\/\/www.facebook.com\/Nakasawaresources\/\" \/>\n<meta property=\"article:modified_time\" content=\"2022-07-14T22:34:55+00:00\" \/>\n<meta property=\"og:image\" content=\"https:\/\/nakasawaresources.com\/wp-content\/uploads\/2021\/04\/OneColor-Red-1.jpg\" \/>\n\t<meta property=\"og:image:width\" content=\"1876\" \/>\n\t<meta property=\"og:image:height\" content=\"697\" \/>\n\t<meta property=\"og:image:type\" content=\"image\/jpeg\" \/>\n<meta name=\"twitter:card\" content=\"summary_large_image\" \/>\n<meta name=\"twitter:title\" content=\"Consultor\u00eda y servicios\" \/>\n<meta name=\"twitter:description\" content=\"Tecnolog\u00edas Upstream para la recuperaci\u00f3n mejorada de petr\u00f3leo y procesos de producci\u00f3n de Nakasawa Resources.\" \/>\n<meta name=\"twitter:image\" content=\"https:\/\/nakasawaresources.com\/wp-content\/uploads\/2021\/04\/OneColor-Red-1.jpg\" \/>\n<meta name=\"twitter:site\" content=\"@nakasawar\" \/>\n<meta name=\"twitter:label1\" content=\"Tiempo de lectura\" \/>\n\t<meta name=\"twitter:data1\" content=\"3 minutos\" \/>\n<script type=\"application\/ld+json\" class=\"yoast-schema-graph\">{\"@context\":\"https:\\\/\\\/schema.org\",\"@graph\":[{\"@type\":\"WebPage\",\"@id\":\"https:\\\/\\\/nakasawaresources.com\\\/es\\\/consultoria-y-servicios\\\/\",\"url\":\"https:\\\/\\\/nakasawaresources.com\\\/es\\\/consultoria-y-servicios\\\/\",\"name\":\"Consultor\u00eda y servicios - Nakasawa\",\"isPartOf\":{\"@id\":\"https:\\\/\\\/nakasawaresources.com\\\/es\\\/#website\"},\"datePublished\":\"2021-03-24T22:26:59+00:00\",\"dateModified\":\"2022-07-14T22:34:55+00:00\",\"description\":\"Tecnolog\u00edas Upstream para la recuperaci\u00f3n mejorada de petr\u00f3leo y procesos de producci\u00f3n de Nakasawa Resources.\",\"breadcrumb\":{\"@id\":\"https:\\\/\\\/nakasawaresources.com\\\/es\\\/consultoria-y-servicios\\\/#breadcrumb\"},\"inLanguage\":\"es\",\"potentialAction\":[{\"@type\":\"ReadAction\",\"target\":[\"https:\\\/\\\/nakasawaresources.com\\\/es\\\/consultoria-y-servicios\\\/\"]}]},{\"@type\":\"BreadcrumbList\",\"@id\":\"https:\\\/\\\/nakasawaresources.com\\\/es\\\/consultoria-y-servicios\\\/#breadcrumb\",\"itemListElement\":[{\"@type\":\"ListItem\",\"position\":1,\"name\":\"Home\",\"item\":\"https:\\\/\\\/nakasawaresources.com\\\/es\\\/\"},{\"@type\":\"ListItem\",\"position\":2,\"name\":\"Consultor\u00eda y servicios\"}]},{\"@type\":\"WebSite\",\"@id\":\"https:\\\/\\\/nakasawaresources.com\\\/es\\\/#website\",\"url\":\"https:\\\/\\\/nakasawaresources.com\\\/es\\\/\",\"name\":\"Nakasawa\",\"description\":\"UPSTREAM  TECHNOLOGIES  FOR OIL PRODUCTION\",\"publisher\":{\"@id\":\"https:\\\/\\\/nakasawaresources.com\\\/es\\\/#organization\"},\"potentialAction\":[{\"@type\":\"SearchAction\",\"target\":{\"@type\":\"EntryPoint\",\"urlTemplate\":\"https:\\\/\\\/nakasawaresources.com\\\/es\\\/?s={search_term_string}\"},\"query-input\":{\"@type\":\"PropertyValueSpecification\",\"valueRequired\":true,\"valueName\":\"search_term_string\"}}],\"inLanguage\":\"es\"},{\"@type\":\"Organization\",\"@id\":\"https:\\\/\\\/nakasawaresources.com\\\/es\\\/#organization\",\"name\":\"Nakasawa Resources\",\"url\":\"https:\\\/\\\/nakasawaresources.com\\\/es\\\/\",\"logo\":{\"@type\":\"ImageObject\",\"inLanguage\":\"es\",\"@id\":\"https:\\\/\\\/nakasawaresources.com\\\/es\\\/#\\\/schema\\\/logo\\\/image\\\/\",\"url\":\"https:\\\/\\\/nakasawaresources.com\\\/wp-content\\\/uploads\\\/2018\\\/10\\\/materialwp-logo.png\",\"contentUrl\":\"https:\\\/\\\/nakasawaresources.com\\\/wp-content\\\/uploads\\\/2018\\\/10\\\/materialwp-logo.png\",\"width\":221,\"height\":108,\"caption\":\"Nakasawa Resources\"},\"image\":{\"@id\":\"https:\\\/\\\/nakasawaresources.com\\\/es\\\/#\\\/schema\\\/logo\\\/image\\\/\"},\"sameAs\":[\"https:\\\/\\\/www.facebook.com\\\/Nakasawaresources\\\/\",\"https:\\\/\\\/x.com\\\/nakasawar\",\"https:\\\/\\\/www.linkedin.com\\\/company\\\/nakasawaresources\",\"https:\\\/\\\/www.youtube.com\\\/channel\\\/UCQ_asGVhgUF22xXBg7wqF2g\\\/featured\"]}]}<\/script>\n<!-- \/ Yoast SEO plugin. -->","yoast_head_json":{"title":"Consultor\u00eda y servicios - Nakasawa","description":"Tecnolog\u00edas Upstream para la recuperaci\u00f3n mejorada de petr\u00f3leo y procesos de producci\u00f3n de Nakasawa Resources.","robots":{"index":"index","follow":"follow","max-snippet":"max-snippet:-1","max-image-preview":"max-image-preview:large","max-video-preview":"max-video-preview:-1"},"canonical":"https:\/\/nakasawaresources.com\/es\/consultoria-y-servicios\/","og_locale":"es_ES","og_type":"article","og_title":"Consultor\u00eda y servicios","og_description":"Tecnolog\u00edas Upstream para la recuperaci\u00f3n mejorada de petr\u00f3leo y procesos de producci\u00f3n de Nakasawa Resources.","og_url":"https:\/\/nakasawaresources.com\/es\/consultoria-y-servicios\/","og_site_name":"Nakasawa","article_publisher":"https:\/\/www.facebook.com\/Nakasawaresources\/","article_modified_time":"2022-07-14T22:34:55+00:00","og_image":[{"width":1876,"height":697,"url":"https:\/\/nakasawaresources.com\/wp-content\/uploads\/2021\/04\/OneColor-Red-1.jpg","type":"image\/jpeg"}],"twitter_card":"summary_large_image","twitter_title":"Consultor\u00eda y servicios","twitter_description":"Tecnolog\u00edas Upstream para la recuperaci\u00f3n mejorada de petr\u00f3leo y procesos de producci\u00f3n de Nakasawa Resources.","twitter_image":"https:\/\/nakasawaresources.com\/wp-content\/uploads\/2021\/04\/OneColor-Red-1.jpg","twitter_site":"@nakasawar","twitter_misc":{"Tiempo de lectura":"3 minutos"},"schema":{"@context":"https:\/\/schema.org","@graph":[{"@type":"WebPage","@id":"https:\/\/nakasawaresources.com\/es\/consultoria-y-servicios\/","url":"https:\/\/nakasawaresources.com\/es\/consultoria-y-servicios\/","name":"Consultor\u00eda y servicios - Nakasawa","isPartOf":{"@id":"https:\/\/nakasawaresources.com\/es\/#website"},"datePublished":"2021-03-24T22:26:59+00:00","dateModified":"2022-07-14T22:34:55+00:00","description":"Tecnolog\u00edas Upstream para la recuperaci\u00f3n mejorada de petr\u00f3leo y procesos de producci\u00f3n de Nakasawa Resources.","breadcrumb":{"@id":"https:\/\/nakasawaresources.com\/es\/consultoria-y-servicios\/#breadcrumb"},"inLanguage":"es","potentialAction":[{"@type":"ReadAction","target":["https:\/\/nakasawaresources.com\/es\/consultoria-y-servicios\/"]}]},{"@type":"BreadcrumbList","@id":"https:\/\/nakasawaresources.com\/es\/consultoria-y-servicios\/#breadcrumb","itemListElement":[{"@type":"ListItem","position":1,"name":"Home","item":"https:\/\/nakasawaresources.com\/es\/"},{"@type":"ListItem","position":2,"name":"Consultor\u00eda y servicios"}]},{"@type":"WebSite","@id":"https:\/\/nakasawaresources.com\/es\/#website","url":"https:\/\/nakasawaresources.com\/es\/","name":"Nakasawa","description":"UPSTREAM  TECHNOLOGIES  FOR OIL PRODUCTION","publisher":{"@id":"https:\/\/nakasawaresources.com\/es\/#organization"},"potentialAction":[{"@type":"SearchAction","target":{"@type":"EntryPoint","urlTemplate":"https:\/\/nakasawaresources.com\/es\/?s={search_term_string}"},"query-input":{"@type":"PropertyValueSpecification","valueRequired":true,"valueName":"search_term_string"}}],"inLanguage":"es"},{"@type":"Organization","@id":"https:\/\/nakasawaresources.com\/es\/#organization","name":"Nakasawa Resources","url":"https:\/\/nakasawaresources.com\/es\/","logo":{"@type":"ImageObject","inLanguage":"es","@id":"https:\/\/nakasawaresources.com\/es\/#\/schema\/logo\/image\/","url":"https:\/\/nakasawaresources.com\/wp-content\/uploads\/2018\/10\/materialwp-logo.png","contentUrl":"https:\/\/nakasawaresources.com\/wp-content\/uploads\/2018\/10\/materialwp-logo.png","width":221,"height":108,"caption":"Nakasawa Resources"},"image":{"@id":"https:\/\/nakasawaresources.com\/es\/#\/schema\/logo\/image\/"},"sameAs":["https:\/\/www.facebook.com\/Nakasawaresources\/","https:\/\/x.com\/nakasawar","https:\/\/www.linkedin.com\/company\/nakasawaresources","https:\/\/www.youtube.com\/channel\/UCQ_asGVhgUF22xXBg7wqF2g\/featured"]}]}},"_links":{"self":[{"href":"https:\/\/nakasawaresources.com\/es\/wp-json\/wp\/v2\/pages\/8283","targetHints":{"allow":["GET"]}}],"collection":[{"href":"https:\/\/nakasawaresources.com\/es\/wp-json\/wp\/v2\/pages"}],"about":[{"href":"https:\/\/nakasawaresources.com\/es\/wp-json\/wp\/v2\/types\/page"}],"author":[{"embeddable":true,"href":"https:\/\/nakasawaresources.com\/es\/wp-json\/wp\/v2\/users\/12"}],"replies":[{"embeddable":true,"href":"https:\/\/nakasawaresources.com\/es\/wp-json\/wp\/v2\/comments?post=8283"}],"version-history":[{"count":5,"href":"https:\/\/nakasawaresources.com\/es\/wp-json\/wp\/v2\/pages\/8283\/revisions"}],"predecessor-version":[{"id":11881,"href":"https:\/\/nakasawaresources.com\/es\/wp-json\/wp\/v2\/pages\/8283\/revisions\/11881"}],"wp:attachment":[{"href":"https:\/\/nakasawaresources.com\/es\/wp-json\/wp\/v2\/media?parent=8283"}],"curies":[{"name":"wp","href":"https:\/\/api.w.org\/{rel}","templated":true}]}}