{"id":7698,"date":"2021-03-08T18:17:40","date_gmt":"2021-03-09T00:17:40","guid":{"rendered":"https:\/\/nakasawaresources.com\/?page_id=7698"},"modified":"2021-03-18T19:49:07","modified_gmt":"2021-03-19T01:49:07","slug":"diferenciacion","status":"publish","type":"page","link":"https:\/\/nakasawaresources.com\/es\/diferenciacion\/","title":{"rendered":"Diferenciaci\u00f3n"},"content":{"rendered":"<div class=\"wpb-content-wrapper\"><p>[vc_row css=&#8221;.vc_custom_1615248882967{padding-top: 20px !important;padding-bottom: 20px !important;}&#8221;][vc_column][vc_custom_heading text=&#8221;\u00bfQU\u00c9 NOS HACE DIFERENTES?&#8221; font_container=&#8221;tag:h2|text_align:center&#8221; use_theme_fonts=&#8221;yes&#8221;][\/vc_column][\/vc_row][vc_row css=&#8221;.vc_custom_1615248957762{padding-top: 2% !important;}&#8221;][vc_column width=&#8221;1\/2&#8243;][vc_single_image image=&#8221;7700&#8243; img_size=&#8221;full&#8221;][\/vc_column][vc_column width=&#8221;1\/2&#8243;][vc_custom_heading text=&#8221;SERVICIO&#8221; font_container=&#8221;tag:h3|text_align:center&#8221; use_theme_fonts=&#8221;yes&#8221;][vc_column_text]Mediante los sistemas de Supervisi\u00f3n, Control y Adquisici\u00f3n de Datos (SCADA),\u00a0 radio y\/o fibra \u00f3ptica, se realiza el control y monitoreo diario de par\u00e1metros que permiten la ejecuci\u00f3n de acciones en tiempo real y la medici\u00f3n autom\u00e1tica de par\u00e1metros operacionales y condiciones de superficie y fondo, como:<\/p>\n<ul>\n<li>Temperatura.<\/li>\n<li>Presi\u00f3n.<\/li>\n<li>Tasa de inyecci\u00f3n.<\/li>\n<li>Tasa de producci\u00f3n de crudo, gas, agua.<\/li>\n<li>Predicci\u00f3n del comportamiento de producci\u00f3n.<\/li>\n<\/ul>\n<p>[\/vc_column_text][\/vc_column][\/vc_row][vc_row css=&#8221;.vc_custom_1615249266034{padding-top: 2% !important;}&#8221;][vc_column width=&#8221;1\/2&#8243;][vc_custom_heading text=&#8221;SOPORTE&#8221; font_container=&#8221;tag:h3|text_align:center&#8221; use_theme_fonts=&#8221;yes&#8221;][vc_column_text]Nakasawa Resources apoya a sus clientes a lo largo de todo el proceso de inyecci\u00f3n de vapor.<\/p>\n<ul>\n<li>An\u00e1lisis de yacimientos.<\/li>\n<li>Servicios y operaci\u00f3n de los generadores de vapor y todos los equipos, y servicios auxiliares.<\/li>\n<li>Sistemas de completaci\u00f3n y equipos para pozos de inyecci\u00f3n.<\/li>\n<li>Sistema de completaci\u00f3n y equipos para pozos productores.<\/li>\n<li>Monitoreo de las variables del yacimiento, optimizaci\u00f3n y producci\u00f3n.<\/li>\n<\/ul>\n<p>[\/vc_column_text][\/vc_column][vc_column width=&#8221;1\/2&#8243;][vc_single_image image=&#8221;7707&#8243; img_size=&#8221;full&#8221;][\/vc_column][\/vc_row][vc_row css=&#8221;.vc_custom_1615248957762{padding-top: 2% !important;}&#8221;][vc_column width=&#8221;1\/2&#8243;][vc_single_image image=&#8221;7712&#8243; img_size=&#8221;full&#8221;][\/vc_column][vc_column width=&#8221;1\/2&#8243;][vc_custom_heading text=&#8221;AUTOMATIZACI\u00d3N&#8221; font_container=&#8221;tag:h3|text_align:center&#8221; use_theme_fonts=&#8221;yes&#8221;][vc_column_text]Los servicios de Nakasawa Resources incluyen la monitorizaci\u00f3n de los par\u00e1metros operativos en las etapas de inyecci\u00f3n y post-inyecci\u00f3n para mantener un riguroso control de todas las operaciones y asegurar el \u00f3ptimo rendimiento de los equipos.<\/p>\n<p>Los sistemas Super Matroid Heater y Super Matroid Cyclone cuentan con sensores de \u00faltima tecnolog\u00eda para cuantificar los par\u00e1metros de fondo de pozo y de superficie. Esta composici\u00f3n tambi\u00e9n permite identificar con anticipaci\u00f3n posibles problemas y agilizar el proceso de toma de decisiones.[\/vc_column_text][\/vc_column][\/vc_row][vc_row css=&#8221;.vc_custom_1615249266034{padding-top: 2% !important;}&#8221;][vc_column width=&#8221;1\/2&#8243;][vc_custom_heading text=&#8221;CONTROL Y SUPERVISI\u00d3N EN TIEMPO REAL&#8221; font_container=&#8221;tag:h3|text_align:center&#8221; use_theme_fonts=&#8221;yes&#8221;][vc_column_text]Todos los datos se recogen e integran en un PLC (controlador l\u00f3gico programable) maestro asociado a una base de datos central, lo que asegura su accesibilidad mediante una aplicaci\u00f3n que permite a los usuarios visualizar el estado actual del proceso de generaci\u00f3n e inyecci\u00f3n de vapor en tiempo real y en todos los dispositivos m\u00f3viles.<\/p>\n<p>Mediante el proceso de automatizaci\u00f3n es posible generar gr\u00e1ficos, segundo a segundo, de tendencia de presi\u00f3n y temperatura para agilizar la toma de acciones y la optimizaci\u00f3n de la producci\u00f3n en tiempo real.[\/vc_column_text][\/vc_column][vc_column width=&#8221;1\/2&#8243;][vc_single_image image=&#8221;7717&#8243; img_size=&#8221;full&#8221;][\/vc_column][\/vc_row]<\/p>\n<\/div>","protected":false},"excerpt":{"rendered":"<p>[vc_row css=&#8221;.vc_custom_1615248882967{padding-top: 20px !important;padding-bottom: 20px !important;}&#8221;][vc_column][vc_custom_heading text=&#8221;\u00bfQU\u00c9 NOS HACE DIFERENTES?&#8221; font_container=&#8221;tag:h2|text_align:center&#8221; use_theme_fonts=&#8221;yes&#8221;][\/vc_column][\/vc_row][vc_row css=&#8221;.vc_custom_1615248957762{padding-top: 2% !important;}&#8221;][vc_column width=&#8221;1\/2&#8243;][vc_single_image image=&#8221;7700&#8243; img_size=&#8221;full&#8221;][\/vc_column][vc_column width=&#8221;1\/2&#8243;][vc_custom_heading text=&#8221;SERVICIO&#8221; font_container=&#8221;tag:h3|text_align:center&#8221; use_theme_fonts=&#8221;yes&#8221;][vc_column_text]Mediante los sistemas de Supervisi\u00f3n, Control y Adquisici\u00f3n de Datos (SCADA),\u00a0 radio y\/o fibra \u00f3ptica, se realiza el control y monitoreo diario de par\u00e1metros que permiten la ejecuci\u00f3n de acciones en tiempo real y &hellip; <a href=\"https:\/\/nakasawaresources.com\/es\/diferenciacion\/\" class=\"more-link\">Continue reading <span class=\"screen-reader-text\">Diferenciaci\u00f3n<\/span><\/a><\/p>\n","protected":false},"author":12,"featured_media":0,"parent":0,"menu_order":0,"comment_status":"closed","ping_status":"closed","template":"","meta":{"_acf_changed":false,"om_disable_all_campaigns":false,"footnotes":""},"class_list":["post-7698","page","type-page","status-publish","hentry"],"acf":[],"yoast_head":"<!-- This site is optimized with the Yoast SEO plugin v27.5 - https:\/\/yoast.com\/product\/yoast-seo-wordpress\/ -->\n<title>Diferenciaci\u00f3n - Nakasawa<\/title>\n<meta name=\"description\" content=\"Nakasawa acompa\u00f1a a sus clientes en cada paso del proceso para que puedan lograr aumentar la producci\u00f3n de petr\u00f3leo en pozos existentes.\" \/>\n<meta name=\"robots\" content=\"index, follow, max-snippet:-1, max-image-preview:large, max-video-preview:-1\" \/>\n<link rel=\"canonical\" href=\"https:\/\/nakasawaresources.com\/es\/diferenciacion\/\" \/>\n<meta property=\"og:locale\" content=\"es_ES\" \/>\n<meta property=\"og:type\" content=\"article\" \/>\n<meta property=\"og:title\" content=\"Diferenciaci\u00f3n - Nakasawa\" \/>\n<meta property=\"og:description\" content=\"Nakasawa acompa\u00f1a a sus clientes en cada paso del proceso para que puedan lograr aumentar la producci\u00f3n de petr\u00f3leo en pozos existentes.\" \/>\n<meta property=\"og:url\" content=\"https:\/\/nakasawaresources.com\/es\/diferenciacion\/\" \/>\n<meta property=\"og:site_name\" content=\"Nakasawa\" \/>\n<meta property=\"article:publisher\" content=\"https:\/\/www.facebook.com\/Nakasawaresources\/\" \/>\n<meta property=\"article:modified_time\" content=\"2021-03-19T01:49:07+00:00\" \/>\n<meta name=\"twitter:card\" content=\"summary_large_image\" \/>\n<meta name=\"twitter:site\" content=\"@nakasawar\" \/>\n<meta name=\"twitter:label1\" content=\"Tiempo de lectura\" \/>\n\t<meta name=\"twitter:data1\" content=\"3 minutos\" \/>\n<script type=\"application\/ld+json\" class=\"yoast-schema-graph\">{\"@context\":\"https:\\\/\\\/schema.org\",\"@graph\":[{\"@type\":\"WebPage\",\"@id\":\"https:\\\/\\\/nakasawaresources.com\\\/es\\\/diferenciacion\\\/\",\"url\":\"https:\\\/\\\/nakasawaresources.com\\\/es\\\/diferenciacion\\\/\",\"name\":\"Diferenciaci\u00f3n - Nakasawa\",\"isPartOf\":{\"@id\":\"https:\\\/\\\/nakasawaresources.com\\\/es\\\/#website\"},\"datePublished\":\"2021-03-09T00:17:40+00:00\",\"dateModified\":\"2021-03-19T01:49:07+00:00\",\"description\":\"Nakasawa acompa\u00f1a a sus clientes en cada paso del proceso para que puedan lograr aumentar la producci\u00f3n de petr\u00f3leo en pozos existentes.\",\"breadcrumb\":{\"@id\":\"https:\\\/\\\/nakasawaresources.com\\\/es\\\/diferenciacion\\\/#breadcrumb\"},\"inLanguage\":\"es\",\"potentialAction\":[{\"@type\":\"ReadAction\",\"target\":[\"https:\\\/\\\/nakasawaresources.com\\\/es\\\/diferenciacion\\\/\"]}]},{\"@type\":\"BreadcrumbList\",\"@id\":\"https:\\\/\\\/nakasawaresources.com\\\/es\\\/diferenciacion\\\/#breadcrumb\",\"itemListElement\":[{\"@type\":\"ListItem\",\"position\":1,\"name\":\"Home\",\"item\":\"https:\\\/\\\/nakasawaresources.com\\\/es\\\/\"},{\"@type\":\"ListItem\",\"position\":2,\"name\":\"Diferenciaci\u00f3n\"}]},{\"@type\":\"WebSite\",\"@id\":\"https:\\\/\\\/nakasawaresources.com\\\/es\\\/#website\",\"url\":\"https:\\\/\\\/nakasawaresources.com\\\/es\\\/\",\"name\":\"Nakasawa\",\"description\":\"UPSTREAM  TECHNOLOGIES  FOR OIL PRODUCTION\",\"publisher\":{\"@id\":\"https:\\\/\\\/nakasawaresources.com\\\/es\\\/#organization\"},\"potentialAction\":[{\"@type\":\"SearchAction\",\"target\":{\"@type\":\"EntryPoint\",\"urlTemplate\":\"https:\\\/\\\/nakasawaresources.com\\\/es\\\/?s={search_term_string}\"},\"query-input\":{\"@type\":\"PropertyValueSpecification\",\"valueRequired\":true,\"valueName\":\"search_term_string\"}}],\"inLanguage\":\"es\"},{\"@type\":\"Organization\",\"@id\":\"https:\\\/\\\/nakasawaresources.com\\\/es\\\/#organization\",\"name\":\"Nakasawa Resources\",\"url\":\"https:\\\/\\\/nakasawaresources.com\\\/es\\\/\",\"logo\":{\"@type\":\"ImageObject\",\"inLanguage\":\"es\",\"@id\":\"https:\\\/\\\/nakasawaresources.com\\\/es\\\/#\\\/schema\\\/logo\\\/image\\\/\",\"url\":\"https:\\\/\\\/nakasawaresources.com\\\/wp-content\\\/uploads\\\/2018\\\/10\\\/materialwp-logo.png\",\"contentUrl\":\"https:\\\/\\\/nakasawaresources.com\\\/wp-content\\\/uploads\\\/2018\\\/10\\\/materialwp-logo.png\",\"width\":221,\"height\":108,\"caption\":\"Nakasawa Resources\"},\"image\":{\"@id\":\"https:\\\/\\\/nakasawaresources.com\\\/es\\\/#\\\/schema\\\/logo\\\/image\\\/\"},\"sameAs\":[\"https:\\\/\\\/www.facebook.com\\\/Nakasawaresources\\\/\",\"https:\\\/\\\/x.com\\\/nakasawar\",\"https:\\\/\\\/www.linkedin.com\\\/company\\\/nakasawaresources\",\"https:\\\/\\\/www.youtube.com\\\/channel\\\/UCQ_asGVhgUF22xXBg7wqF2g\\\/featured\"]}]}<\/script>\n<!-- \/ Yoast SEO plugin. -->","yoast_head_json":{"title":"Diferenciaci\u00f3n - Nakasawa","description":"Nakasawa acompa\u00f1a a sus clientes en cada paso del proceso para que puedan lograr aumentar la producci\u00f3n de petr\u00f3leo en pozos existentes.","robots":{"index":"index","follow":"follow","max-snippet":"max-snippet:-1","max-image-preview":"max-image-preview:large","max-video-preview":"max-video-preview:-1"},"canonical":"https:\/\/nakasawaresources.com\/es\/diferenciacion\/","og_locale":"es_ES","og_type":"article","og_title":"Diferenciaci\u00f3n - Nakasawa","og_description":"Nakasawa acompa\u00f1a a sus clientes en cada paso del proceso para que puedan lograr aumentar la producci\u00f3n de petr\u00f3leo en pozos existentes.","og_url":"https:\/\/nakasawaresources.com\/es\/diferenciacion\/","og_site_name":"Nakasawa","article_publisher":"https:\/\/www.facebook.com\/Nakasawaresources\/","article_modified_time":"2021-03-19T01:49:07+00:00","twitter_card":"summary_large_image","twitter_site":"@nakasawar","twitter_misc":{"Tiempo de lectura":"3 minutos"},"schema":{"@context":"https:\/\/schema.org","@graph":[{"@type":"WebPage","@id":"https:\/\/nakasawaresources.com\/es\/diferenciacion\/","url":"https:\/\/nakasawaresources.com\/es\/diferenciacion\/","name":"Diferenciaci\u00f3n - Nakasawa","isPartOf":{"@id":"https:\/\/nakasawaresources.com\/es\/#website"},"datePublished":"2021-03-09T00:17:40+00:00","dateModified":"2021-03-19T01:49:07+00:00","description":"Nakasawa acompa\u00f1a a sus clientes en cada paso del proceso para que puedan lograr aumentar la producci\u00f3n de petr\u00f3leo en pozos existentes.","breadcrumb":{"@id":"https:\/\/nakasawaresources.com\/es\/diferenciacion\/#breadcrumb"},"inLanguage":"es","potentialAction":[{"@type":"ReadAction","target":["https:\/\/nakasawaresources.com\/es\/diferenciacion\/"]}]},{"@type":"BreadcrumbList","@id":"https:\/\/nakasawaresources.com\/es\/diferenciacion\/#breadcrumb","itemListElement":[{"@type":"ListItem","position":1,"name":"Home","item":"https:\/\/nakasawaresources.com\/es\/"},{"@type":"ListItem","position":2,"name":"Diferenciaci\u00f3n"}]},{"@type":"WebSite","@id":"https:\/\/nakasawaresources.com\/es\/#website","url":"https:\/\/nakasawaresources.com\/es\/","name":"Nakasawa","description":"UPSTREAM  TECHNOLOGIES  FOR OIL PRODUCTION","publisher":{"@id":"https:\/\/nakasawaresources.com\/es\/#organization"},"potentialAction":[{"@type":"SearchAction","target":{"@type":"EntryPoint","urlTemplate":"https:\/\/nakasawaresources.com\/es\/?s={search_term_string}"},"query-input":{"@type":"PropertyValueSpecification","valueRequired":true,"valueName":"search_term_string"}}],"inLanguage":"es"},{"@type":"Organization","@id":"https:\/\/nakasawaresources.com\/es\/#organization","name":"Nakasawa Resources","url":"https:\/\/nakasawaresources.com\/es\/","logo":{"@type":"ImageObject","inLanguage":"es","@id":"https:\/\/nakasawaresources.com\/es\/#\/schema\/logo\/image\/","url":"https:\/\/nakasawaresources.com\/wp-content\/uploads\/2018\/10\/materialwp-logo.png","contentUrl":"https:\/\/nakasawaresources.com\/wp-content\/uploads\/2018\/10\/materialwp-logo.png","width":221,"height":108,"caption":"Nakasawa Resources"},"image":{"@id":"https:\/\/nakasawaresources.com\/es\/#\/schema\/logo\/image\/"},"sameAs":["https:\/\/www.facebook.com\/Nakasawaresources\/","https:\/\/x.com\/nakasawar","https:\/\/www.linkedin.com\/company\/nakasawaresources","https:\/\/www.youtube.com\/channel\/UCQ_asGVhgUF22xXBg7wqF2g\/featured"]}]}},"_links":{"self":[{"href":"https:\/\/nakasawaresources.com\/es\/wp-json\/wp\/v2\/pages\/7698","targetHints":{"allow":["GET"]}}],"collection":[{"href":"https:\/\/nakasawaresources.com\/es\/wp-json\/wp\/v2\/pages"}],"about":[{"href":"https:\/\/nakasawaresources.com\/es\/wp-json\/wp\/v2\/types\/page"}],"author":[{"embeddable":true,"href":"https:\/\/nakasawaresources.com\/es\/wp-json\/wp\/v2\/users\/12"}],"replies":[{"embeddable":true,"href":"https:\/\/nakasawaresources.com\/es\/wp-json\/wp\/v2\/comments?post=7698"}],"version-history":[{"count":5,"href":"https:\/\/nakasawaresources.com\/es\/wp-json\/wp\/v2\/pages\/7698\/revisions"}],"predecessor-version":[{"id":7706,"href":"https:\/\/nakasawaresources.com\/es\/wp-json\/wp\/v2\/pages\/7698\/revisions\/7706"}],"wp:attachment":[{"href":"https:\/\/nakasawaresources.com\/es\/wp-json\/wp\/v2\/media?parent=7698"}],"curies":[{"name":"wp","href":"https:\/\/api.w.org\/{rel}","templated":true}]}}