{"id":7302,"date":"2021-03-01T13:45:13","date_gmt":"2021-03-01T19:45:13","guid":{"rendered":"https:\/\/nakasawaresources.com\/?page_id=7302"},"modified":"2021-03-18T19:50:14","modified_gmt":"2021-03-19T01:50:14","slug":"contactanos","status":"publish","type":"page","link":"https:\/\/nakasawaresources.com\/es\/contactanos\/","title":{"rendered":"Cont\u00e1ctanos"},"content":{"rendered":"<div class=\"wpb-content-wrapper\"><p>[vc_row][vc_column]\n<div class=\"wpcf7 no-js\" id=\"wpcf7-f7625-o1\" lang=\"en-US\" dir=\"ltr\" data-wpcf7-id=\"7625\">\n<div class=\"screen-reader-response\"><p role=\"status\" aria-live=\"polite\" aria-atomic=\"true\"><\/p> <ul><\/ul><\/div>\n<form action=\"\/es\/wp-json\/wp\/v2\/pages\/7302#wpcf7-f7625-o1\" method=\"post\" class=\"wpcf7-form init a73ba3286af2 cmatic-conn cmatic-aud-3 cmatic-mapd0-0 cmatic-v097803 cmatic-sent-0 cmatic-total-61\" aria-label=\"Contact form\" novalidate=\"novalidate\" data-status=\"init\">\n<fieldset class=\"hidden-fields-container\"><input type=\"hidden\" name=\"_wpcf7\" value=\"7625\" \/><input type=\"hidden\" name=\"_wpcf7_version\" value=\"6.1.5\" \/><input type=\"hidden\" name=\"_wpcf7_locale\" value=\"en_US\" \/><input type=\"hidden\" name=\"_wpcf7_unit_tag\" value=\"wpcf7-f7625-o1\" \/><input type=\"hidden\" name=\"_wpcf7_container_post\" value=\"0\" \/><input type=\"hidden\" name=\"_wpcf7_posted_data_hash\" value=\"\" \/>\n<\/fieldset>\n<div class=\"wpcf7-turnstile cf-turnstile\" data-sitekey=\"0x4AAAAAAB78dMe7hFu4q55i\" data-response-field-name=\"_wpcf7_turnstile_response\"><\/div>\n\n<div class=\"main-form\">\n\t<div class=\"row\">\n\t\t<div class=\"col-sm-6\">\n\t\t\t<div class=\"input-group\">\n\t\t\t\t<p><span class=\"wpcf7-form-control-wrap\" data-name=\"your-name\"><input size=\"40\" maxlength=\"400\" class=\"wpcf7-form-control wpcf7-text\" aria-invalid=\"false\" placeholder=\"Nombre\" value=\"\" type=\"text\" name=\"your-name\" \/><\/span>\n\t\t\t\t<\/p>\n\t\t\t<\/div>\n\t\t<\/div>\n\t\t<div class=\"col-sm-6\">\n\t\t\t<div class=\"input-group\">\n\t\t\t\t<p><span class=\"wpcf7-form-control-wrap\" data-name=\"your-name\"><input size=\"40\" maxlength=\"400\" class=\"wpcf7-form-control wpcf7-text\" aria-invalid=\"false\" placeholder=\"Apellidos\" value=\"\" type=\"text\" name=\"your-name\" \/><\/span>\n\t\t\t\t<\/p>\n\t\t\t<\/div>\n\t\t<\/div>\n\t\t<div class=\"col-sm-6\">\n\t\t\t<div class=\"input-group\">\n\t\t\t\t<p><span class=\"wpcf7-form-control-wrap\" data-name=\"your-email\"><input size=\"40\" maxlength=\"400\" class=\"wpcf7-form-control wpcf7-email wpcf7-validates-as-required wpcf7-text wpcf7-validates-as-email\" aria-required=\"true\" aria-invalid=\"false\" placeholder=\"Email\" value=\"\" type=\"email\" name=\"your-email\" \/><\/span>\n\t\t\t\t<\/p>\n\t\t\t<\/div>\n\t\t<\/div>\n\t\t<!--<div class=\"col-sm-6\">\n\t\t\t<div class=\"input-group\"><span class=\"wpcf7-form-control-wrap\" data-name=\"your-phone\"><input size=\"40\" maxlength=\"400\" class=\"wpcf7-form-control wpcf7-text\" aria-invalid=\"false\" placeholder=\"Your Phone\" value=\"\" type=\"text\" name=\"your-phone\" \/><\/span><\/div>\n\t\t<\/div>--->\n\t\t<div class=\"col-sm-6\">\n\t\t\t<div class=\"input-group\">\n\t\t\t\t<p><span class=\"wpcf7-form-control-wrap\" data-name=\"subject\"><input size=\"40\" maxlength=\"400\" class=\"wpcf7-form-control wpcf7-text\" aria-invalid=\"false\" placeholder=\"Asunto\" value=\"\" type=\"text\" name=\"subject\" \/><\/span>\n\t\t\t\t<\/p>\n\t\t\t<\/div>\n\t\t<\/div>\n\t\t<div class=\"col-sm-12\">\n\t\t\t<div class=\"input-group input-button\">\n\t\t\t\t<p><span class=\"wpcf7-form-control-wrap\" data-name=\"message\"><textarea cols=\"40\" rows=\"10\" maxlength=\"2000\" class=\"wpcf7-form-control wpcf7-textarea\" aria-invalid=\"false\" placeholder=\"Mensaje\" name=\"message\"><\/textarea><\/span>\n\t\t\t\t<\/p>\n\t\t\t<\/div>\n\t\t<\/div>\n\t\t<div class=\"col-sm-12\">\n\t\t\t<div class=\"input-group input-button\">\n\t\t\t\t<p><input class=\"wpcf7-form-control wpcf7-submit has-spinner\" type=\"submit\" value=\"Enviar mensaje\" \/>\n\t\t\t\t<\/p>\n\t\t\t<\/div>\n\t\t<\/div>\n\t<\/div>\n<\/div><div class=\"wpcf7-response-output\" aria-hidden=\"true\"><\/div>\n<\/form>\n<\/div>\n[\/vc_column][\/vc_row]<\/p>\n<\/div>","protected":false},"excerpt":{"rendered":"<p>[vc_row][vc_column][\/vc_column][\/vc_row]<\/p>\n","protected":false},"author":12,"featured_media":0,"parent":0,"menu_order":0,"comment_status":"closed","ping_status":"closed","template":"","meta":{"_acf_changed":false,"om_disable_all_campaigns":false,"footnotes":""},"class_list":["post-7302","page","type-page","status-publish","hentry"],"acf":[],"yoast_head":"<!-- This site is optimized with the Yoast SEO plugin v27.5 - https:\/\/yoast.com\/product\/yoast-seo-wordpress\/ -->\n<title>Cont\u00e1ctanos - Nakasawa<\/title>\n<meta name=\"description\" content=\"Nakasawa acompa\u00f1a a sus clientes en cada paso del proceso para que puedan lograr aumentar la producci\u00f3n de petr\u00f3leo en pozos existentes.\" \/>\n<meta name=\"robots\" content=\"index, follow, max-snippet:-1, max-image-preview:large, max-video-preview:-1\" \/>\n<link rel=\"canonical\" href=\"https:\/\/nakasawaresources.com\/es\/contactanos\/\" \/>\n<meta property=\"og:locale\" content=\"es_ES\" \/>\n<meta property=\"og:type\" content=\"article\" \/>\n<meta property=\"og:title\" content=\"Cont\u00e1ctanos - Nakasawa\" \/>\n<meta property=\"og:description\" content=\"Nakasawa acompa\u00f1a a sus clientes en cada paso del proceso para que puedan lograr aumentar la producci\u00f3n de petr\u00f3leo en pozos existentes.\" \/>\n<meta property=\"og:url\" content=\"https:\/\/nakasawaresources.com\/es\/contactanos\/\" \/>\n<meta property=\"og:site_name\" content=\"Nakasawa\" \/>\n<meta property=\"article:publisher\" content=\"https:\/\/www.facebook.com\/Nakasawaresources\/\" \/>\n<meta property=\"article:modified_time\" content=\"2021-03-19T01:50:14+00:00\" \/>\n<meta name=\"twitter:card\" content=\"summary_large_image\" \/>\n<meta name=\"twitter:site\" content=\"@nakasawar\" \/>\n<script type=\"application\/ld+json\" class=\"yoast-schema-graph\">{\"@context\":\"https:\\\/\\\/schema.org\",\"@graph\":[{\"@type\":\"WebPage\",\"@id\":\"https:\\\/\\\/nakasawaresources.com\\\/es\\\/contactanos\\\/\",\"url\":\"https:\\\/\\\/nakasawaresources.com\\\/es\\\/contactanos\\\/\",\"name\":\"Cont\u00e1ctanos - Nakasawa\",\"isPartOf\":{\"@id\":\"https:\\\/\\\/nakasawaresources.com\\\/es\\\/#website\"},\"datePublished\":\"2021-03-01T19:45:13+00:00\",\"dateModified\":\"2021-03-19T01:50:14+00:00\",\"description\":\"Nakasawa acompa\u00f1a a sus clientes en cada paso del proceso para que puedan lograr aumentar la producci\u00f3n de petr\u00f3leo en pozos existentes.\",\"breadcrumb\":{\"@id\":\"https:\\\/\\\/nakasawaresources.com\\\/es\\\/contactanos\\\/#breadcrumb\"},\"inLanguage\":\"es\",\"potentialAction\":[{\"@type\":\"ReadAction\",\"target\":[\"https:\\\/\\\/nakasawaresources.com\\\/es\\\/contactanos\\\/\"]}]},{\"@type\":\"BreadcrumbList\",\"@id\":\"https:\\\/\\\/nakasawaresources.com\\\/es\\\/contactanos\\\/#breadcrumb\",\"itemListElement\":[{\"@type\":\"ListItem\",\"position\":1,\"name\":\"Home\",\"item\":\"https:\\\/\\\/nakasawaresources.com\\\/es\\\/\"},{\"@type\":\"ListItem\",\"position\":2,\"name\":\"Cont\u00e1ctanos\"}]},{\"@type\":\"WebSite\",\"@id\":\"https:\\\/\\\/nakasawaresources.com\\\/es\\\/#website\",\"url\":\"https:\\\/\\\/nakasawaresources.com\\\/es\\\/\",\"name\":\"Nakasawa\",\"description\":\"UPSTREAM  TECHNOLOGIES  FOR OIL PRODUCTION\",\"publisher\":{\"@id\":\"https:\\\/\\\/nakasawaresources.com\\\/es\\\/#organization\"},\"potentialAction\":[{\"@type\":\"SearchAction\",\"target\":{\"@type\":\"EntryPoint\",\"urlTemplate\":\"https:\\\/\\\/nakasawaresources.com\\\/es\\\/?s={search_term_string}\"},\"query-input\":{\"@type\":\"PropertyValueSpecification\",\"valueRequired\":true,\"valueName\":\"search_term_string\"}}],\"inLanguage\":\"es\"},{\"@type\":\"Organization\",\"@id\":\"https:\\\/\\\/nakasawaresources.com\\\/es\\\/#organization\",\"name\":\"Nakasawa Resources\",\"url\":\"https:\\\/\\\/nakasawaresources.com\\\/es\\\/\",\"logo\":{\"@type\":\"ImageObject\",\"inLanguage\":\"es\",\"@id\":\"https:\\\/\\\/nakasawaresources.com\\\/es\\\/#\\\/schema\\\/logo\\\/image\\\/\",\"url\":\"https:\\\/\\\/nakasawaresources.com\\\/wp-content\\\/uploads\\\/2018\\\/10\\\/materialwp-logo.png\",\"contentUrl\":\"https:\\\/\\\/nakasawaresources.com\\\/wp-content\\\/uploads\\\/2018\\\/10\\\/materialwp-logo.png\",\"width\":221,\"height\":108,\"caption\":\"Nakasawa Resources\"},\"image\":{\"@id\":\"https:\\\/\\\/nakasawaresources.com\\\/es\\\/#\\\/schema\\\/logo\\\/image\\\/\"},\"sameAs\":[\"https:\\\/\\\/www.facebook.com\\\/Nakasawaresources\\\/\",\"https:\\\/\\\/x.com\\\/nakasawar\",\"https:\\\/\\\/www.linkedin.com\\\/company\\\/nakasawaresources\",\"https:\\\/\\\/www.youtube.com\\\/channel\\\/UCQ_asGVhgUF22xXBg7wqF2g\\\/featured\"]}]}<\/script>\n<!-- \/ Yoast SEO plugin. -->","yoast_head_json":{"title":"Cont\u00e1ctanos - Nakasawa","description":"Nakasawa acompa\u00f1a a sus clientes en cada paso del proceso para que puedan lograr aumentar la producci\u00f3n de petr\u00f3leo en pozos existentes.","robots":{"index":"index","follow":"follow","max-snippet":"max-snippet:-1","max-image-preview":"max-image-preview:large","max-video-preview":"max-video-preview:-1"},"canonical":"https:\/\/nakasawaresources.com\/es\/contactanos\/","og_locale":"es_ES","og_type":"article","og_title":"Cont\u00e1ctanos - Nakasawa","og_description":"Nakasawa acompa\u00f1a a sus clientes en cada paso del proceso para que puedan lograr aumentar la producci\u00f3n de petr\u00f3leo en pozos existentes.","og_url":"https:\/\/nakasawaresources.com\/es\/contactanos\/","og_site_name":"Nakasawa","article_publisher":"https:\/\/www.facebook.com\/Nakasawaresources\/","article_modified_time":"2021-03-19T01:50:14+00:00","twitter_card":"summary_large_image","twitter_site":"@nakasawar","schema":{"@context":"https:\/\/schema.org","@graph":[{"@type":"WebPage","@id":"https:\/\/nakasawaresources.com\/es\/contactanos\/","url":"https:\/\/nakasawaresources.com\/es\/contactanos\/","name":"Cont\u00e1ctanos - Nakasawa","isPartOf":{"@id":"https:\/\/nakasawaresources.com\/es\/#website"},"datePublished":"2021-03-01T19:45:13+00:00","dateModified":"2021-03-19T01:50:14+00:00","description":"Nakasawa acompa\u00f1a a sus clientes en cada paso del proceso para que puedan lograr aumentar la producci\u00f3n de petr\u00f3leo en pozos existentes.","breadcrumb":{"@id":"https:\/\/nakasawaresources.com\/es\/contactanos\/#breadcrumb"},"inLanguage":"es","potentialAction":[{"@type":"ReadAction","target":["https:\/\/nakasawaresources.com\/es\/contactanos\/"]}]},{"@type":"BreadcrumbList","@id":"https:\/\/nakasawaresources.com\/es\/contactanos\/#breadcrumb","itemListElement":[{"@type":"ListItem","position":1,"name":"Home","item":"https:\/\/nakasawaresources.com\/es\/"},{"@type":"ListItem","position":2,"name":"Cont\u00e1ctanos"}]},{"@type":"WebSite","@id":"https:\/\/nakasawaresources.com\/es\/#website","url":"https:\/\/nakasawaresources.com\/es\/","name":"Nakasawa","description":"UPSTREAM  TECHNOLOGIES  FOR OIL PRODUCTION","publisher":{"@id":"https:\/\/nakasawaresources.com\/es\/#organization"},"potentialAction":[{"@type":"SearchAction","target":{"@type":"EntryPoint","urlTemplate":"https:\/\/nakasawaresources.com\/es\/?s={search_term_string}"},"query-input":{"@type":"PropertyValueSpecification","valueRequired":true,"valueName":"search_term_string"}}],"inLanguage":"es"},{"@type":"Organization","@id":"https:\/\/nakasawaresources.com\/es\/#organization","name":"Nakasawa Resources","url":"https:\/\/nakasawaresources.com\/es\/","logo":{"@type":"ImageObject","inLanguage":"es","@id":"https:\/\/nakasawaresources.com\/es\/#\/schema\/logo\/image\/","url":"https:\/\/nakasawaresources.com\/wp-content\/uploads\/2018\/10\/materialwp-logo.png","contentUrl":"https:\/\/nakasawaresources.com\/wp-content\/uploads\/2018\/10\/materialwp-logo.png","width":221,"height":108,"caption":"Nakasawa Resources"},"image":{"@id":"https:\/\/nakasawaresources.com\/es\/#\/schema\/logo\/image\/"},"sameAs":["https:\/\/www.facebook.com\/Nakasawaresources\/","https:\/\/x.com\/nakasawar","https:\/\/www.linkedin.com\/company\/nakasawaresources","https:\/\/www.youtube.com\/channel\/UCQ_asGVhgUF22xXBg7wqF2g\/featured"]}]}},"_links":{"self":[{"href":"https:\/\/nakasawaresources.com\/es\/wp-json\/wp\/v2\/pages\/7302","targetHints":{"allow":["GET"]}}],"collection":[{"href":"https:\/\/nakasawaresources.com\/es\/wp-json\/wp\/v2\/pages"}],"about":[{"href":"https:\/\/nakasawaresources.com\/es\/wp-json\/wp\/v2\/types\/page"}],"author":[{"embeddable":true,"href":"https:\/\/nakasawaresources.com\/es\/wp-json\/wp\/v2\/users\/12"}],"replies":[{"embeddable":true,"href":"https:\/\/nakasawaresources.com\/es\/wp-json\/wp\/v2\/comments?post=7302"}],"version-history":[{"count":4,"href":"https:\/\/nakasawaresources.com\/es\/wp-json\/wp\/v2\/pages\/7302\/revisions"}],"predecessor-version":[{"id":8071,"href":"https:\/\/nakasawaresources.com\/es\/wp-json\/wp\/v2\/pages\/7302\/revisions\/8071"}],"wp:attachment":[{"href":"https:\/\/nakasawaresources.com\/es\/wp-json\/wp\/v2\/media?parent=7302"}],"curies":[{"name":"wp","href":"https:\/\/api.w.org\/{rel}","templated":true}]}}